{"id":998,"date":"2018-08-30T13:51:02","date_gmt":"2018-08-30T16:51:02","guid":{"rendered":"https:\/\/ensavellaneda-cba.infd.edu.ar\/sitio\/profesorado-de-educacion-inicial-2\/"},"modified":"2024-05-22T08:41:04","modified_gmt":"2024-05-22T11:41:04","slug":"profesorado-de-educacion-inicial-2","status":"publish","type":"page","link":"https:\/\/ensavellaneda-cba.infd.edu.ar\/sitio\/profesorado-de-educacion-inicial-2\/","title":{"rendered":"Profesorado de Educaci\u00f3n Inicial"},"content":{"rendered":"<p style=\"text-align: left;\"><span style=\"font-family: helvetica; font-size: 12pt;\">NIVEL SUPERIOR<\/span><br \/>\n<span style=\"font-family: helvetica; font-size: 12pt;\">MODALIDAD DE CURSADA:\u00a0 <strong>Combinada<\/strong><\/span><br \/>\n<span style=\"font-family: helvetica; font-size: 12pt;\">DURACI\u00d3N DEL PLAN DE ESTUDIOS: 4 (cuatro) a\u00f1os.<\/span><\/p>\n<p>Resoluci\u00f3n de aprobaci\u00f3n de la carrera Profesorado de Educaci\u00f3n Inicial \u00a0en\u00a0<a href=\"https:\/\/dges-cba.infd.edu.ar\/sitio\/upload\/Res979-14_Disenio_Curr_Primaria_Inicial_2015.PDF\">https:\/\/dges-cba.infd.edu.ar\/sitio\/upload\/Res979-14_Disenio_Curr_Primaria_Inicial_2015.PDF<\/a><\/p>\n<p>Dise\u00f1o Curricular del Profesorado de Educaci\u00f3n Inicial (provincia de C\u00f3rdoba) en\u00a0<a href=\"https:\/\/dges-cba.infd.edu.ar\/sitio\/upload\/Disenio_Curr_Primaria_Inicial_2015.pdf\">https:\/\/dges-cba.infd.edu.ar\/sitio\/upload\/Disenio_Curr_Primaria_Inicial_2015.pdf<\/a><\/p>\n<div>\n<table>\n<tbody>\n<tr>\n<td style=\"font-weight: 400;\"><b><strong>\u00a0Profesorado de Educaci\u00f3n Inicial<\/strong><\/b><\/td>\n<\/tr>\n<\/tbody>\n<\/table>\n<table>\n<tbody>\n<tr>\n<td style=\"font-weight: 400;\" colspan=\"2\" width=\"100%\"><b><strong>\u00a0Primer a\u00f1o\u00a0<\/strong><\/b><\/td>\n<\/tr>\n<tr>\n<td style=\"font-weight: 400;\" colspan=\"2\" width=\"100%\">Pedagog\u00eda<\/td>\n<\/tr>\n<tr>\n<td style=\"font-weight: 400;\" colspan=\"2\" width=\"100%\">Problem\u00e1ticas Socioatropol\u00f3gicas en Educaci\u00f3n<\/td>\n<\/tr>\n<tr>\n<td style=\"font-weight: 400;\" colspan=\"2\" width=\"100%\">Psicolog\u00eda y Educaci\u00f3n<\/td>\n<\/tr>\n<tr>\n<td style=\"font-weight: 400;\" colspan=\"2\" width=\"100%\">Argentina en el Mundo Contempor\u00e1neo<\/td>\n<\/tr>\n<tr>\n<td style=\"font-weight: 400;\" colspan=\"2\" width=\"100%\">Lenguaje Digital y Audiovisual<\/td>\n<\/tr>\n<tr>\n<td style=\"font-weight: 400;\" colspan=\"2\" width=\"100%\">Lenguaje Corporal<\/td>\n<\/tr>\n<tr>\n<td style=\"font-weight: 400;\" colspan=\"2\" width=\"100%\">Pr\u00e1ctica Docente I: Contextos y Pr\u00e1cticas Educativas<\/td>\n<\/tr>\n<tr>\n<td style=\"font-weight: 400;\" colspan=\"2\" width=\"100%\">\u00a0Educaci\u00f3n Inicial: El Jard\u00edn Maternal<\/td>\n<\/tr>\n<tr>\n<td style=\"font-weight: 400;\" colspan=\"2\" width=\"100%\">\u00a0Oralidad, Lectura y Escritura<\/td>\n<\/tr>\n<tr>\n<td style=\"font-weight: 400;\" colspan=\"2\" width=\"100%\"><b><strong>Segundo a\u00f1o\u00a0<\/strong><\/b><\/td>\n<\/tr>\n<tr>\n<td style=\"font-weight: 400;\" colspan=\"2\" width=\"100%\">Filosof\u00eda y Educaci\u00f3n<\/td>\n<\/tr>\n<tr>\n<td style=\"font-weight: 400;\" colspan=\"2\" width=\"100%\">Did\u00e1ctica General<\/td>\n<\/tr>\n<tr>\n<td style=\"font-weight: 400;\" colspan=\"2\" width=\"100%\">Pr\u00e1ctica Docente II: Escuelas, Historias Documentadas y Cotidianeidad<\/td>\n<\/tr>\n<tr>\n<td style=\"font-weight: 400;\" colspan=\"2\" width=\"100%\">Desarrollo del Pensamiento Matem\u00e1tico<\/td>\n<\/tr>\n<tr>\n<td style=\"font-weight: 400;\" rowspan=\"2\" width=\"50%\">Lengua<\/td>\n<td style=\"font-weight: 400;\" width=\"50%\">Lengua y su Did\u00e1ctica<\/td>\n<\/tr>\n<tr>\n<td style=\"font-weight: 400;\" width=\"50%\">Alfabetizaci\u00f3n Inicial<\/td>\n<\/tr>\n<tr>\n<td style=\"font-weight: 400;\" colspan=\"2\" width=\"100%\">Ciencias Naturales y su Did\u00e1ctica<\/td>\n<\/tr>\n<tr>\n<td style=\"font-weight: 400;\" colspan=\"2\" width=\"100%\">\u00a0Sujetos de la Educaci\u00f3n y Convivencia Escolar<\/td>\n<\/tr>\n<tr>\n<td style=\"font-weight: 400;\" colspan=\"2\" width=\"100%\">Educaci\u00f3n Art\u00edstica: Pl\u00e1stica<\/td>\n<\/tr>\n<tr>\n<td style=\"font-weight: 400;\" colspan=\"2\" width=\"100%\">TIC y la Ense\u00f1anza en el Nivel Inicial<\/td>\n<\/tr>\n<tr>\n<td style=\"font-weight: 400;\" colspan=\"2\" width=\"100%\"><b><strong>\u00a0<\/strong><\/b><b><strong>Tercer a\u00f1o<\/strong><\/b><\/td>\n<\/tr>\n<tr>\n<td style=\"font-weight: 400;\" colspan=\"2\" width=\"100%\">Historia y Pol\u00edtica de la Educaci\u00f3n Argentina<\/td>\n<\/tr>\n<tr>\n<td style=\"font-weight: 400;\" colspan=\"2\" width=\"100%\">Pr\u00e1ctica Docente III: La Sala: Espacio del Aprender y del Ense\u00f1ar<\/td>\n<\/tr>\n<tr>\n<td style=\"font-weight: 400;\" colspan=\"2\" width=\"100%\">Matem\u00e1tica y su Did\u00e1ctica<\/td>\n<\/tr>\n<tr>\n<td style=\"font-weight: 400;\" colspan=\"2\" width=\"100%\">Literatura en el Nivel Inicial<\/td>\n<\/tr>\n<tr>\n<td style=\"font-weight: 400;\" colspan=\"2\" width=\"100%\">Ciencias Sociales y su Did\u00e1ctica<\/td>\n<\/tr>\n<tr>\n<td style=\"font-weight: 400;\" rowspan=\"2\" width=\"50%\">Ciencias Naturales<\/td>\n<td style=\"font-weight: 400;\" width=\"50%\">Educaci\u00f3n para la Salud<\/td>\n<\/tr>\n<tr>\n<td style=\"font-weight: 400;\" width=\"50%\">Educaci\u00f3n Ambiental<\/td>\n<\/tr>\n<tr>\n<td style=\"font-weight: 400;\" colspan=\"2\" width=\"100%\">Educaci\u00f3n F\u00edsica en JM y JI<\/td>\n<\/tr>\n<tr>\n<td style=\"font-weight: 400;\" colspan=\"2\" width=\"100%\">Educaci\u00f3n Art\u00edstica: M\u00fasica<\/td>\n<\/tr>\n<tr>\n<td style=\"font-weight: 400;\" colspan=\"2\" width=\"100%\"><b><strong>\u00a0\u00a0<\/strong><\/b><b><strong>Cuarto a\u00f1o<\/strong><\/b><\/td>\n<\/tr>\n<tr>\n<td style=\"font-weight: 400;\" colspan=\"2\" width=\"100%\">\u00c9tica y Construcci\u00f3n de Ciudadan\u00eda<\/td>\n<\/tr>\n<tr>\n<td style=\"font-weight: 400;\" colspan=\"2\" width=\"100%\">Pr\u00e1ctica Docente IV y Residencia: Recrear las Pr\u00e1cticas Docentes<\/td>\n<\/tr>\n<tr>\n<td style=\"font-weight: 400;\" colspan=\"2\" width=\"100%\">Problem\u00e1ticas y Desaf\u00edos del Nivel Inicial: JM y JI<\/td>\n<\/tr>\n<tr>\n<td style=\"font-weight: 400;\" colspan=\"2\" width=\"100%\">Educaci\u00f3n Art\u00edstica: Teatro<\/td>\n<\/tr>\n<tr>\n<td style=\"font-weight: 400;\" colspan=\"2\" width=\"100%\">Educaci\u00f3n Sexual Integral<\/td>\n<\/tr>\n<tr>\n<td style=\"font-weight: 400;\" colspan=\"2\" width=\"100%\">Dise\u00f1o y Construcci\u00f3n de Material Did\u00e1ctico<\/td>\n<\/tr>\n<\/tbody>\n<\/table>\n<p style=\"font-weight: 400;\"><a href=\"https:\/\/ensavellaneda-cba.infd.edu.ar\/sitio\/plan-de-estudios\/upload\/CORRELATIVIDADES.doc\">VER CORRELATIVIDADES<\/a><\/p>\n<\/div>\n","protected":false},"excerpt":{"rendered":"<p>NIVEL SUPERIOR MODALIDAD DE CURSADA:\u00a0 Combinada DURACI\u00d3N DEL PLAN DE ESTUDIOS: 4 (cuatro) a\u00f1os. Resoluci\u00f3n de aprobaci\u00f3n de la carrera Profesorado de Educaci\u00f3n Inicial \u00a0en\u00a0https:\/\/dges-cba.infd.edu.ar\/sitio\/upload\/Res979-14_Disenio_Curr_Primaria_Inicial_2015.PDF Dise\u00f1o Curricular del Profesorado de Educaci\u00f3n Inicial (provincia de C\u00f3rdoba) en\u00a0https:\/\/dges-cba.infd.edu.ar\/sitio\/upload\/Disenio_Curr_Primaria_Inicial_2015.pdf \u00a0Profesorado de Educaci\u00f3n Inicial \u00a0Primer a\u00f1o\u00a0 Pedagog\u00eda Problem\u00e1ticas Socioatropol\u00f3gicas en Educaci\u00f3n Psicolog\u00eda y Educaci\u00f3n Argentina en el Mundo Contempor\u00e1neo &#8230; <a title=\"Profesorado de Educaci\u00f3n Inicial\" class=\"read-more\" href=\"https:\/\/ensavellaneda-cba.infd.edu.ar\/sitio\/profesorado-de-educacion-inicial-2\/\" aria-label=\"More on Profesorado de Educaci\u00f3n Inicial\">[+]<\/a><\/p>\n","protected":false},"author":1518,"featured_media":0,"parent":0,"menu_order":0,"comment_status":"closed","ping_status":"closed","template":"","meta":[],"acf":[],"_links":{"self":[{"href":"https:\/\/ensavellaneda-cba.infd.edu.ar\/sitio\/wp-json\/wp\/v2\/pages\/998"}],"collection":[{"href":"https:\/\/ensavellaneda-cba.infd.edu.ar\/sitio\/wp-json\/wp\/v2\/pages"}],"about":[{"href":"https:\/\/ensavellaneda-cba.infd.edu.ar\/sitio\/wp-json\/wp\/v2\/types\/page"}],"author":[{"embeddable":true,"href":"https:\/\/ensavellaneda-cba.infd.edu.ar\/sitio\/wp-json\/wp\/v2\/users\/1518"}],"replies":[{"embeddable":true,"href":"https:\/\/ensavellaneda-cba.infd.edu.ar\/sitio\/wp-json\/wp\/v2\/comments?post=998"}],"version-history":[{"count":9,"href":"https:\/\/ensavellaneda-cba.infd.edu.ar\/sitio\/wp-json\/wp\/v2\/pages\/998\/revisions"}],"predecessor-version":[{"id":3897,"href":"https:\/\/ensavellaneda-cba.infd.edu.ar\/sitio\/wp-json\/wp\/v2\/pages\/998\/revisions\/3897"}],"wp:attachment":[{"href":"https:\/\/ensavellaneda-cba.infd.edu.ar\/sitio\/wp-json\/wp\/v2\/media?parent=998"}],"curies":[{"name":"wp","href":"https:\/\/api.w.org\/{rel}","templated":true}]}}