{"id":993,"date":"2018-08-30T13:51:00","date_gmt":"2018-08-30T16:51:00","guid":{"rendered":"https:\/\/ensavellaneda-cba.infd.edu.ar\/sitio\/resena-historica\/"},"modified":"2024-06-26T18:01:15","modified_gmt":"2024-06-26T21:01:15","slug":"resena-historica","status":"publish","type":"page","link":"https:\/\/ensavellaneda-cba.infd.edu.ar\/sitio\/resena-historica\/","title":{"rendered":"Rese\u00f1a hist\u00f3rica"},"content":{"rendered":"<table style=\"width: 100%;\" border=\"0\">\n<tbody>\n<tr>\n<td colspan=\"3\">\n<h2 style=\"margin-top: 0px; margin-bottom: 0px; padding-bottom: 0px;\"><span style=\"font-size: 14pt;\">Un poco de historia&#8230;<\/span><\/h2>\n<\/td>\n<\/tr>\n<tr>\n<td colspan=\"3\"><span style=\"font-family: arial,helvetica,sans-serif; font-size: 12pt;\">\u00a0 \u00a0 \u00a0\u00abDurante la primera d\u00e9cada del siglo pasado, los habitantes de nuestros campos eran inmigrantes que buscaban para sus hijos establecimientos educacionales donde la instrucci\u00f3n fuera lo m\u00e1s parecida a lo que ellos hab\u00edan recibido en sus terru\u00f1os.<br \/>\nAnte esta situaci\u00f3n se multiplicaron las escuelas particulares dirigidas por compatriotas, que absorb\u00edan el alumnado de la aldea dejando a la \u00fanica escuela oficial existente en ese entonces casi sin alumnos&#8230;\u00bb (Mart\u00ednez, Joaqu\u00edn G. \u00ab<em>San Francisco, su tierra, la aldea, su escuela<\/em>:\u00bb)<\/span><\/p>\n<p><span style=\"font-family: arial,helvetica,sans-serif; font-size: 12pt;\">El periodista cordob\u00e9s Amadeo Bel\u00e9n Cabrera censuraba la usurpaci\u00f3n que maestros extranjeros, sin t\u00edtulo habilitante, y desconocedores de nuestra historia, hab\u00edan hecho de la ense\u00f1anza. Bregaba tambi\u00e9n por la creaci\u00f3n de una Escuela Normal que a su juicio los seis mil habitantes y los quinientos alumnos existentes en la aldea merec\u00edan.<\/span><\/td>\n<\/tr>\n<tr>\n<td colspan=\"3\"><span style=\"font-family: arial,helvetica,sans-serif; font-size: 12pt;\">Don Ger\u00f3nimo del Barco, Diputado Nacional por C\u00f3rdoba, present\u00f3, el 8 de agosto de 1910 ante la C\u00e1mara de Diputados, el Proyecto <em>Creaci\u00f3n de una Escuela Normal para San Francisco<\/em>, aspiraci\u00f3n que apoyaron adem\u00e1s, los diputados por C\u00f3rdoba: Julio A. Roca hijo, A.D. Ortiz, M.P. Molina ; A. Bouquet, Isidoro Luis Moreno, y el diputado por la provincia de Bs. As. Don Pedro Lacassa. A pesar de que este proyecto nunca fue tratado, no se puede negar la paternidad de Ger\u00f3nimo del Barco, ya que de sus gestiones posteriores nace la Escuela Normal bajo la Presidencia de Roque S\u00e1enz Pe\u00f1a.<\/span><\/p>\n<p><span style=\"font-family: arial,helvetica,sans-serif; font-size: 12pt;\">El primer edificio donde funcion\u00f3 la Escuela Normal fue cedido en calidad de pr\u00e9stamo por la Provincia de C\u00f3rdoba, y su primer Director fue el Profesor Pascual Bail\u00f3n Sosa, iniciando sus clases el d\u00eda 26 de Agosto de 1912, a las 8:30 horas, con 141 alumnos en el Departamento de Aplicaci\u00f3n (Escuela Primaria) y 15 en el Normal (Nivel Secundario).<\/span><\/td>\n<\/tr>\n<tr>\n<td colspan=\"3\">\n<h3 style=\"margin-top: 0px; margin-bottom: 0px; padding-bottom: 0px;\"><\/h3>\n<\/td>\n<\/tr>\n<tr>\n<td colspan=\"3\">\n<p style=\"margin-top: 0px; margin-bottom: 0px; padding-bottom: 0px;\"><strong><span style=\"font-size: 12pt;\">Un nuevo edificio<\/span><\/strong><\/p>\n<\/td>\n<\/tr>\n<tr>\n<td width=\"30%\">\n<div style=\"text-align: center;\"><img decoding=\"async\" loading=\"lazy\" src=\"http:\/\/d22r54gnmuhwmk.cloudfront.net\/photos\/6\/cg\/tu\/kccgTugsBOzfUta-1600x900-noPad.jpg?1468297401\" width=\"328\" height=\"186\" border=\"0\" \/><\/div>\n<\/td>\n<td colspan=\"2\"><span style=\"font-family: arial,helvetica,sans-serif; font-size: 12pt;\">En 1915 la Superioridad otorga la manzana que actualmente ocupa la Escuela Normal. En el mes de mayo de 1934 se inicia el traslado de la escuela, complet\u00e1ndose en el transcurso del mismo a\u00f1o. El 8 de setiembre de 1936 el Poder Ejecutivo de la Naci\u00f3n la bautiza con el nombre de \u00abDr. Nicol\u00e1s Avellaneda\u00bb.<\/span><\/td>\n<\/tr>\n<tr>\n<td colspan=\"3\"><strong>\u00abFormadora de Formadores\u00bb, y m\u00e1s<\/strong><\/td>\n<\/tr>\n<tr>\n<td colspan=\"3\"><span style=\"font-family: arial,helvetica,sans-serif; font-size: 12pt;\">Fue en 1916 que la Escuela Normal tuvo sus primeros egresados docentes. A partir de ese momento las Maestras Normales fueron sum\u00e1ndose en las distintas escuelas de la ciudad y la regi\u00f3n. Se distingui\u00f3 de otros establecimientos por ser escuela formadora de formadores.<\/span><span style=\"font-family: arial,helvetica,sans-serif; font-size: 12pt;\">Con el tiempo se fueron sumando carreras y docentes en Educaci\u00f3n Inicial, en Educaci\u00f3n Primaria, en Psicolog\u00eda para EGB 3 y Polimodal como tambi\u00e9n, en Educaci\u00f3n Especial. <\/span><\/p>\n<p><span style=\"font-family: arial,helvetica,sans-serif; font-size: 12pt;\">Adem\u00e1s de la formaci\u00f3n docente, junto con el Anexo IPET 50 \u00abEmilio F. Olmos\u00bb se dictaron las Tecnicaturas Superior en Automotores y en Electr\u00f3nica Industrial. <\/span><span style=\"font-family: arial,helvetica,sans-serif; font-size: 12pt;\">A partir de 2015, el listado de carreras t\u00e9cnicas se ampli\u00f3 con la Tecnicatura Superior en Bibliotecolog\u00eda con Orientaci\u00f3n Socioeducativa.<\/span><\/p>\n<table style=\"width: 1038px; height: 496px;\" border=\"0\">\n<tbody>\n<tr>\n<td colspan=\"3\">Actualmente, las carreras de <em><strong>Formaci\u00f3n Docente<\/strong><\/em> son: <strong>Profesorado de Educaci\u00f3n Inicial<\/strong>, <strong>Profesorado de Educaci\u00f3n Primaria<\/strong> y <strong>Profesorado en Educaci\u00f3n Especial con Orientaci\u00f3n en Discapacidad Intelectual<\/strong>. Por otra parte, las carreras de<em><strong> Formaci\u00f3n T\u00e9cnica<\/strong><\/em> son: <strong>Tecnicatura Superior en Bromatolog\u00eda<\/strong>, <strong>Tecnicatura Superior en Maquinarias y Equipos Agropecuarios<\/strong>, <strong>Tecnicatura Superior en Higiene y Seguridad en el Trabajo<\/strong>, <strong>Tecnicatura en Gesti\u00f3n Ambiental<\/strong> y Tecnicatura Superior en Gesti\u00f3n y Mantenimiento Industrial. Nuevas oportunidades para atender a las nuevas demandas de los j\u00f3venes y adultos.<\/p>\n<p>En septiembre de 2023, se form\u00f3 la <em>Comisi\u00f3n de G\u00e9nero y Diversidad<\/em> cuyo objetivo es incorporar saberes hacia adentro de la instituci\u00f3n educativa. La Comisi\u00f3n est\u00e1 en plena formaci\u00f3n, adem\u00e1s de la Directora Ana Collino, tambi\u00e9n colaboran la Psic\u00f3loga Agustina Collino y la abogada Dra. Virginia Panero.<\/p>\n<p><img decoding=\"async\" loading=\"lazy\" class=\"aligncenter\" style=\"border: 0; vertical-align: middle;\" src=\"https:\/\/ensavellaneda-cba.infd.edu.ar\/aula\/archivos\/repositorio\/0\/235\/ena24.JPG\" alt=\"\" width=\"382\" height=\"287\" border=\"0\" \/><\/td>\n<\/tr>\n<\/tbody>\n<\/table>\n<p><strong>El edificio es Patrimonio Hist\u00f3rico, Cultural y Arquitect\u00f3nico<\/strong><\/p>\n<p>Seg\u00fan Ordenanza Municipal N\u00ba 6776 del 27 de octubre del a\u00f1o 2016, el edificio de la Escuela Normal Superior Doctor Nicol\u00e1s Avellaneda fue declarado de inter\u00e9s municipal por el Honorable Concejo Deliberante de la ciudad de San Francisco y seg\u00fan Decreto Provincial N\u00ba 1896, del 21 de diciembre del a\u00f1o 2017, esta joya arquitect\u00f3nica fue declarada: <em><strong>Monumento Hist\u00f3rico de la Provincia de C\u00f3rdoba<\/strong><\/em>. El edificio de la ENA tuvo su reconocimiento. Este proyecto fue iniciado por estudiantes del Nivel Secundario y docentes de la Especialidad Ciencias Sociales y Humanidades con la presencia, la participaci\u00f3n y el protagonismo en 2016 en sesiones del Concejo Deliberante. Tambi\u00e9n se encargaron de juntar firmas de los citadinos para lograr este objetivo. Fue la legisladora Graciela Brarda, exalumna de la escuela, quien present\u00f3 la documentaci\u00f3n pertinente ante la Agencia C\u00f3rdoba Cultura.<\/p>\n<p>Y vamos por m\u00e1s: se present\u00f3 el Proyecto 3391-D-2022 ante la Honorable C\u00e1mara de Diputados de la Naci\u00f3n el d\u00eda 20 de<br \/>\nnoviembre de 2019 donde se solicita que, adem\u00e1s de los m\u00e9ritos conseguidos, se declare al edificio Patrimonio Hist\u00f3rico Nacional. Se obtuvo el reconocimiento a trav\u00e9s de la media sanci\u00f3n. Qued\u00f3 pendiente el tratamiento en la C\u00e1mara de Senadores debido al receso a causa de la pandemia COVID-19.<\/td>\n<\/tr>\n<tr>\n<td colspan=\"3\">\n<h3 style=\"margin-top: 0px; margin-bottom: 0px; padding-bottom: 0px;\"><\/h3>\n<\/td>\n<\/tr>\n<tr>\n<td colspan=\"3\"><\/td>\n<\/tr>\n<tr>\n<td colspan=\"3\"><\/td>\n<\/tr>\n<\/tbody>\n<\/table>\n","protected":false},"excerpt":{"rendered":"<p>Un poco de historia&#8230; \u00a0 \u00a0 \u00a0\u00abDurante la primera d\u00e9cada del siglo pasado, los habitantes de nuestros campos eran inmigrantes que buscaban para sus hijos establecimientos educacionales donde la instrucci\u00f3n fuera lo m\u00e1s parecida a lo que ellos hab\u00edan recibido en sus terru\u00f1os. Ante esta situaci\u00f3n se multiplicaron las escuelas particulares dirigidas por compatriotas, que &#8230; <a title=\"Rese\u00f1a hist\u00f3rica\" class=\"read-more\" href=\"https:\/\/ensavellaneda-cba.infd.edu.ar\/sitio\/resena-historica\/\" aria-label=\"More on Rese\u00f1a hist\u00f3rica\">[+]<\/a><\/p>\n","protected":false},"author":1518,"featured_media":0,"parent":0,"menu_order":0,"comment_status":"closed","ping_status":"closed","template":"","meta":[],"acf":[],"_links":{"self":[{"href":"https:\/\/ensavellaneda-cba.infd.edu.ar\/sitio\/wp-json\/wp\/v2\/pages\/993"}],"collection":[{"href":"https:\/\/ensavellaneda-cba.infd.edu.ar\/sitio\/wp-json\/wp\/v2\/pages"}],"about":[{"href":"https:\/\/ensavellaneda-cba.infd.edu.ar\/sitio\/wp-json\/wp\/v2\/types\/page"}],"author":[{"embeddable":true,"href":"https:\/\/ensavellaneda-cba.infd.edu.ar\/sitio\/wp-json\/wp\/v2\/users\/1518"}],"replies":[{"embeddable":true,"href":"https:\/\/ensavellaneda-cba.infd.edu.ar\/sitio\/wp-json\/wp\/v2\/comments?post=993"}],"version-history":[{"count":2,"href":"https:\/\/ensavellaneda-cba.infd.edu.ar\/sitio\/wp-json\/wp\/v2\/pages\/993\/revisions"}],"predecessor-version":[{"id":3951,"href":"https:\/\/ensavellaneda-cba.infd.edu.ar\/sitio\/wp-json\/wp\/v2\/pages\/993\/revisions\/3951"}],"wp:attachment":[{"href":"https:\/\/ensavellaneda-cba.infd.edu.ar\/sitio\/wp-json\/wp\/v2\/media?parent=993"}],"curies":[{"name":"wp","href":"https:\/\/api.w.org\/{rel}","templated":true}]}}