{"id":962,"date":"2018-08-30T13:50:49","date_gmt":"2018-08-30T16:50:49","guid":{"rendered":"https:\/\/ensavellaneda-cba.infd.edu.ar\/sitio\/requisitos-de-preinscripcion\/"},"modified":"2020-12-09T14:08:12","modified_gmt":"2020-12-09T17:08:12","slug":"requisitos-de-preinscripcion","status":"publish","type":"page","link":"https:\/\/ensavellaneda-cba.infd.edu.ar\/sitio\/requisitos-de-preinscripcion\/","title":{"rendered":"Resoluci\u00f3n y Dise\u00f1o Curricular"},"content":{"rendered":"<h5>Resoluci\u00f3n de aprobaci\u00f3n de la carrera Profesorado de Educaci\u00f3n Inicial \u00a0en\u00a0<a href=\"https:\/\/dges-cba.infd.edu.ar\/sitio\/upload\/Res979-14_Disenio_Curr_Primaria_Inicial_2015.PDF\">https:\/\/dges-cba.infd.edu.ar\/sitio\/upload\/Res979-14_Disenio_Curr_Primaria_Inicial_2015.PDF<\/a><\/h5>\n<h5>Dise\u00f1o Curricular del Profesorado de Educaci\u00f3n Inicial (provincia de C\u00f3rdoba) en\u00a0<a href=\"https:\/\/dges-cba.infd.edu.ar\/sitio\/upload\/Disenio_Curr_Primaria_Inicial_2015.pdf\">https:\/\/dges-cba.infd.edu.ar\/sitio\/upload\/Disenio_Curr_Primaria_Inicial_2015.pdf<\/a><\/h5>\n","protected":false},"excerpt":{"rendered":"<p>Resoluci\u00f3n de aprobaci\u00f3n de la carrera Profesorado de Educaci\u00f3n Inicial \u00a0en\u00a0https:\/\/dges-cba.infd.edu.ar\/sitio\/upload\/Res979-14_Disenio_Curr_Primaria_Inicial_2015.PDF Dise\u00f1o Curricular del Profesorado de Educaci\u00f3n Inicial (provincia de C\u00f3rdoba) en\u00a0https:\/\/dges-cba.infd.edu.ar\/sitio\/upload\/Disenio_Curr_Primaria_Inicial_2015.pdf<\/p>\n","protected":false},"author":1518,"featured_media":0,"parent":0,"menu_order":0,"comment_status":"closed","ping_status":"closed","template":"","meta":[],"acf":[],"_links":{"self":[{"href":"https:\/\/ensavellaneda-cba.infd.edu.ar\/sitio\/wp-json\/wp\/v2\/pages\/962"}],"collection":[{"href":"https:\/\/ensavellaneda-cba.infd.edu.ar\/sitio\/wp-json\/wp\/v2\/pages"}],"about":[{"href":"https:\/\/ensavellaneda-cba.infd.edu.ar\/sitio\/wp-json\/wp\/v2\/types\/page"}],"author":[{"embeddable":true,"href":"https:\/\/ensavellaneda-cba.infd.edu.ar\/sitio\/wp-json\/wp\/v2\/users\/1518"}],"replies":[{"embeddable":true,"href":"https:\/\/ensavellaneda-cba.infd.edu.ar\/sitio\/wp-json\/wp\/v2\/comments?post=962"}],"version-history":[{"count":6,"href":"https:\/\/ensavellaneda-cba.infd.edu.ar\/sitio\/wp-json\/wp\/v2\/pages\/962\/revisions"}],"predecessor-version":[{"id":1945,"href":"https:\/\/ensavellaneda-cba.infd.edu.ar\/sitio\/wp-json\/wp\/v2\/pages\/962\/revisions\/1945"}],"wp:attachment":[{"href":"https:\/\/ensavellaneda-cba.infd.edu.ar\/sitio\/wp-json\/wp\/v2\/media?parent=962"}],"curies":[{"name":"wp","href":"https:\/\/api.w.org\/{rel}","templated":true}]}}