{"id":954,"date":"2018-08-30T13:50:46","date_gmt":"2018-08-30T16:50:46","guid":{"rendered":"https:\/\/ensavellaneda-cba.infd.edu.ar\/sitio\/requisitos-de-inscripcion-2\/"},"modified":"2020-12-07T22:39:40","modified_gmt":"2020-12-08T01:39:40","slug":"requisitos-de-inscripcion-2","status":"publish","type":"page","link":"https:\/\/ensavellaneda-cba.infd.edu.ar\/sitio\/requisitos-de-inscripcion-2\/","title":{"rendered":"Requisitos de Inscripci\u00f3n para la Formaci\u00f3n T\u00e9cnica"},"content":{"rendered":"","protected":false},"excerpt":{"rendered":"","protected":false},"author":1518,"featured_media":0,"parent":0,"menu_order":0,"comment_status":"closed","ping_status":"closed","template":"","meta":[],"acf":[],"_links":{"self":[{"href":"https:\/\/ensavellaneda-cba.infd.edu.ar\/sitio\/wp-json\/wp\/v2\/pages\/954"}],"collection":[{"href":"https:\/\/ensavellaneda-cba.infd.edu.ar\/sitio\/wp-json\/wp\/v2\/pages"}],"about":[{"href":"https:\/\/ensavellaneda-cba.infd.edu.ar\/sitio\/wp-json\/wp\/v2\/types\/page"}],"author":[{"embeddable":true,"href":"https:\/\/ensavellaneda-cba.infd.edu.ar\/sitio\/wp-json\/wp\/v2\/users\/1518"}],"replies":[{"embeddable":true,"href":"https:\/\/ensavellaneda-cba.infd.edu.ar\/sitio\/wp-json\/wp\/v2\/comments?post=954"}],"version-history":[{"count":4,"href":"https:\/\/ensavellaneda-cba.infd.edu.ar\/sitio\/wp-json\/wp\/v2\/pages\/954\/revisions"}],"predecessor-version":[{"id":1915,"href":"https:\/\/ensavellaneda-cba.infd.edu.ar\/sitio\/wp-json\/wp\/v2\/pages\/954\/revisions\/1915"}],"wp:attachment":[{"href":"https:\/\/ensavellaneda-cba.infd.edu.ar\/sitio\/wp-json\/wp\/v2\/media?parent=954"}],"curies":[{"name":"wp","href":"https:\/\/api.w.org\/{rel}","templated":true}]}}