{"id":932,"date":"2018-08-30T13:50:39","date_gmt":"2018-08-30T16:50:39","guid":{"rendered":"https:\/\/ensavellaneda-cba.infd.edu.ar\/sitio\/primario-2\/"},"modified":"2023-04-05T17:29:03","modified_gmt":"2023-04-05T20:29:03","slug":"primario-2","status":"publish","type":"page","link":"https:\/\/ensavellaneda-cba.infd.edu.ar\/sitio\/primario-2\/","title":{"rendered":"PRIMARIO"},"content":{"rendered":"\n<p><strong><a href=\"http:\/\/enaprimaria.blogspot.com\/2022\/12\/informacion-importante.html\">INFORMACI\u00d3N IMPORTANTE<\/a><\/strong><strong><\/strong><\/p>\n\n\n\n<figure class=\"wp-block-image size-full\"><img decoding=\"async\" src=\"https:\/\/ensavellaneda-cba.infd.edu.ar\/sitio\/wp-content\/uploads\/2023\/04\/pngtree-happy-new-year-2023-text-png-image_6117346-2.png\" alt=\"\" class=\"wp-image-3271\"\/><\/figure>\n\n\n\n<p>NOS PREPARAMOS PARA COMENZAR&nbsp;EL&nbsp;A\u00d1O 2023<\/p>\n\n\n\n<h2 class=\"wp-block-heading\"><strong>FECHAS IMPORTANTES&nbsp;<\/strong><strong><\/strong><\/h2>\n\n\n\n<p><strong>23 y 24\/02\/23- Per\u00edodo de ambientaci\u00f3n para estudiantes que&nbsp; ingresan al Nivel Primario<\/strong><\/p>\n\n\n\n<p><strong>22 al&nbsp; 24\/02\/23 &#8211; Per\u00edodo de recuperaci\u00f3n de aprendizajes (estudiantes que fueron notificados)<\/strong><\/p>\n\n\n\n<p><strong>22\/02\/23 \u2013 Lengua 13:30 h<\/strong><\/p>\n\n\n\n<p><strong>23\/02\/23 \u2013 Matem\u00e1tica 13:30 h<\/strong><\/p>\n\n\n\n<p><strong>24\/02\/23 \u2013 Ciencias Sociales\/Naturales- Materias Especiales 13:30 h<\/strong><\/p>\n\n\n\n<hr class=\"wp-block-separator has-alpha-channel-opacity\"\/>\n\n\n\n<ul>\n<li><strong>27\/02\/23 &#8211; Inicio de clases<\/strong><strong><\/strong><\/li>\n\n\n\n<li><strong>10 al 21\/07\/23 &#8211; Receso escolar de invierno.<\/strong><\/li>\n\n\n\n<li><strong>20\/12\/23- Finalizaci\u00f3n del ciclo lectivo Nivel Primario.<\/strong><\/li>\n<\/ul>\n\n\n\n<h2 class=\"wp-block-heading\"><strong>DOCUMENTACI\u00d3N&nbsp;<\/strong><\/h2>\n\n\n\n<ul>\n<li><em>Planilla de salud: C.U.S. <\/em><\/li>\n\n\n\n<li><em>Verificar&nbsp;datos completos y actuales&nbsp;del&nbsp;encabezamiento.<\/em><\/li>\n\n\n\n<li><em>Firmas de padre o madre al final de la planilla.&nbsp;<\/em><\/li>\n\n\n\n<li><em>Sellos legibles&nbsp;de los&nbsp;profesionales.&nbsp;<\/em><\/li>\n\n\n\n<li><em>Solicitar al m\u00e9dico, que agregue e&nbsp;grupo sangu\u00edneo&nbsp;del ni\u00f1o\/a.&nbsp;<\/em><\/li>\n\n\n\n<li><em>Primer grado comenzar una planilla nueva.&nbsp;<\/em><\/li>\n\n\n\n<li><em>Los estudiantes de&nbsp;segundo a sexto grado, contin\u00faan&nbsp;utilizando la planilla del a\u00f1o anterior.&nbsp;En caso de extrav\u00edo, bajar la planilla del blog de la Escuela.&nbsp;<\/em><\/li>\n\n\n\n<li><em>Planilla I.S.A.<\/em><\/li>\n\n\n\n<li><em>Lista de&nbsp;Tutores&nbsp;con&nbsp;datos actualizados.<\/em><\/li>\n\n\n\n<li><em>Ficha personal del estudiante con foto 4&#215;4.<\/em><\/li>\n\n\n\n<li><em>Ficha datos personales.<\/em><\/li>\n\n\n\n<li><em>Autorizaci\u00f3n difusi\u00f3n im\u00e1genes y salidas<\/em><\/li>\n<\/ul>\n\n\n\n<figure class=\"wp-block-image size-full\"><img decoding=\"async\" loading=\"lazy\" width=\"300\" height=\"336\" src=\"https:\/\/ensavellaneda-cba.infd.edu.ar\/sitio\/wp-content\/uploads\/2023\/04\/image.png\" alt=\"\" class=\"wp-image-3251\"\/><\/figure>\n\n\n\n<figure class=\"wp-block-image size-full\"><img decoding=\"async\" loading=\"lazy\" width=\"960\" height=\"720\" src=\"https:\/\/ensavellaneda-cba.infd.edu.ar\/sitio\/wp-content\/uploads\/2023\/04\/image-1.png\" alt=\"\" class=\"wp-image-3252\" srcset=\"https:\/\/ensavellaneda-cba.infd.edu.ar\/sitio\/wp-content\/uploads\/2023\/04\/image-1.png 960w, https:\/\/ensavellaneda-cba.infd.edu.ar\/sitio\/wp-content\/uploads\/2023\/04\/image-1-768x576.png 768w\" sizes=\"(max-width: 960px) 100vw, 960px\" \/><\/figure>\n\n\n\n<figure class=\"wp-block-image size-full\"><img decoding=\"async\" loading=\"lazy\" width=\"960\" height=\"720\" src=\"https:\/\/ensavellaneda-cba.infd.edu.ar\/sitio\/wp-content\/uploads\/2023\/04\/image-2.png\" alt=\"\" class=\"wp-image-3253\" srcset=\"https:\/\/ensavellaneda-cba.infd.edu.ar\/sitio\/wp-content\/uploads\/2023\/04\/image-2.png 960w, https:\/\/ensavellaneda-cba.infd.edu.ar\/sitio\/wp-content\/uploads\/2023\/04\/image-2-768x576.png 768w\" sizes=\"(max-width: 960px) 100vw, 960px\" \/><\/figure>\n\n\n\n<figure class=\"wp-block-image size-full\"><img decoding=\"async\" loading=\"lazy\" width=\"960\" height=\"720\" src=\"https:\/\/ensavellaneda-cba.infd.edu.ar\/sitio\/wp-content\/uploads\/2023\/04\/image-3.png\" alt=\"\" class=\"wp-image-3254\" srcset=\"https:\/\/ensavellaneda-cba.infd.edu.ar\/sitio\/wp-content\/uploads\/2023\/04\/image-3.png 960w, https:\/\/ensavellaneda-cba.infd.edu.ar\/sitio\/wp-content\/uploads\/2023\/04\/image-3-768x576.png 768w\" sizes=\"(max-width: 960px) 100vw, 960px\" \/><\/figure>\n\n\n\n<figure class=\"wp-block-image size-full\"><img decoding=\"async\" loading=\"lazy\" width=\"960\" height=\"720\" src=\"https:\/\/ensavellaneda-cba.infd.edu.ar\/sitio\/wp-content\/uploads\/2023\/04\/image-4.png\" alt=\"\" class=\"wp-image-3255\" srcset=\"https:\/\/ensavellaneda-cba.infd.edu.ar\/sitio\/wp-content\/uploads\/2023\/04\/image-4.png 960w, https:\/\/ensavellaneda-cba.infd.edu.ar\/sitio\/wp-content\/uploads\/2023\/04\/image-4-768x576.png 768w\" sizes=\"(max-width: 960px) 100vw, 960px\" \/><\/figure>\n\n\n\n<figure class=\"wp-block-image size-full\"><img decoding=\"async\" loading=\"lazy\" width=\"960\" height=\"720\" src=\"https:\/\/ensavellaneda-cba.infd.edu.ar\/sitio\/wp-content\/uploads\/2023\/04\/image-5.png\" alt=\"\" class=\"wp-image-3257\" srcset=\"https:\/\/ensavellaneda-cba.infd.edu.ar\/sitio\/wp-content\/uploads\/2023\/04\/image-5.png 960w, https:\/\/ensavellaneda-cba.infd.edu.ar\/sitio\/wp-content\/uploads\/2023\/04\/image-5-768x576.png 768w\" sizes=\"(max-width: 960px) 100vw, 960px\" \/><\/figure>\n\n\n\n<figure class=\"wp-block-image size-full\"><img decoding=\"async\" loading=\"lazy\" width=\"960\" height=\"720\" src=\"https:\/\/ensavellaneda-cba.infd.edu.ar\/sitio\/wp-content\/uploads\/2023\/04\/image-6.png\" alt=\"\" class=\"wp-image-3258\" srcset=\"https:\/\/ensavellaneda-cba.infd.edu.ar\/sitio\/wp-content\/uploads\/2023\/04\/image-6.png 960w, https:\/\/ensavellaneda-cba.infd.edu.ar\/sitio\/wp-content\/uploads\/2023\/04\/image-6-768x576.png 768w\" sizes=\"(max-width: 960px) 100vw, 960px\" \/><\/figure>\n\n\n\n<figure class=\"wp-block-image size-full\"><img decoding=\"async\" loading=\"lazy\" width=\"960\" height=\"720\" src=\"https:\/\/ensavellaneda-cba.infd.edu.ar\/sitio\/wp-content\/uploads\/2023\/04\/image-7.png\" alt=\"\" class=\"wp-image-3259\" srcset=\"https:\/\/ensavellaneda-cba.infd.edu.ar\/sitio\/wp-content\/uploads\/2023\/04\/image-7.png 960w, https:\/\/ensavellaneda-cba.infd.edu.ar\/sitio\/wp-content\/uploads\/2023\/04\/image-7-768x576.png 768w\" sizes=\"(max-width: 960px) 100vw, 960px\" \/><\/figure>\n\n\n\n<figure class=\"wp-block-image size-full\"><img decoding=\"async\" loading=\"lazy\" width=\"960\" height=\"720\" src=\"https:\/\/ensavellaneda-cba.infd.edu.ar\/sitio\/wp-content\/uploads\/2023\/04\/image-8.png\" alt=\"\" class=\"wp-image-3261\" srcset=\"https:\/\/ensavellaneda-cba.infd.edu.ar\/sitio\/wp-content\/uploads\/2023\/04\/image-8.png 960w, https:\/\/ensavellaneda-cba.infd.edu.ar\/sitio\/wp-content\/uploads\/2023\/04\/image-8-768x576.png 768w\" sizes=\"(max-width: 960px) 100vw, 960px\" \/><\/figure>\n\n\n\n<figure class=\"wp-block-image size-full\"><img decoding=\"async\" loading=\"lazy\" width=\"960\" height=\"720\" src=\"https:\/\/ensavellaneda-cba.infd.edu.ar\/sitio\/wp-content\/uploads\/2023\/04\/image-9.png\" alt=\"\" class=\"wp-image-3263\" srcset=\"https:\/\/ensavellaneda-cba.infd.edu.ar\/sitio\/wp-content\/uploads\/2023\/04\/image-9.png 960w, https:\/\/ensavellaneda-cba.infd.edu.ar\/sitio\/wp-content\/uploads\/2023\/04\/image-9-768x576.png 768w\" sizes=\"(max-width: 960px) 100vw, 960px\" \/><\/figure>\n\n\n\n<figure class=\"wp-block-image size-full\"><img decoding=\"async\" loading=\"lazy\" width=\"960\" height=\"720\" src=\"https:\/\/ensavellaneda-cba.infd.edu.ar\/sitio\/wp-content\/uploads\/2023\/04\/image-10.png\" alt=\"\" class=\"wp-image-3264\" srcset=\"https:\/\/ensavellaneda-cba.infd.edu.ar\/sitio\/wp-content\/uploads\/2023\/04\/image-10.png 960w, https:\/\/ensavellaneda-cba.infd.edu.ar\/sitio\/wp-content\/uploads\/2023\/04\/image-10-768x576.png 768w\" sizes=\"(max-width: 960px) 100vw, 960px\" \/><\/figure>\n\n\n\n<p>FLORECER<\/p>\n\n\n\n<figure class=\"wp-block-image size-large\"><img decoding=\"async\" loading=\"lazy\" width=\"854\" height=\"409\" src=\"https:\/\/ensavellaneda-cba.infd.edu.ar\/sitio\/wp-content\/uploads\/2020\/05\/enaflorecer.png\" alt=\"\" class=\"wp-image-1339\" srcset=\"https:\/\/ensavellaneda-cba.infd.edu.ar\/sitio\/wp-content\/uploads\/2020\/05\/enaflorecer.png 854w, https:\/\/ensavellaneda-cba.infd.edu.ar\/sitio\/wp-content\/uploads\/2020\/05\/enaflorecer-768x368.png 768w\" sizes=\"(max-width: 854px) 100vw, 854px\" \/><figcaption class=\"wp-element-caption\"><a href=\"https:\/\/www.youtube.com\/watch?v=gMJYufMjjng&amp;t=36s\">https:\/\/www.youtube.com\/watch?v=gMJYufMjjng&amp;t=36s<\/a><\/figcaption><\/figure>\n\n\n\n<p><\/p>\n","protected":false},"excerpt":{"rendered":"<p>INFORMACI\u00d3N IMPORTANTE NOS PREPARAMOS PARA COMENZAR&nbsp;EL&nbsp;A\u00d1O 2023 FECHAS IMPORTANTES&nbsp; 23 y 24\/02\/23- Per\u00edodo de ambientaci\u00f3n para estudiantes que&nbsp; ingresan al Nivel Primario 22 al&nbsp; 24\/02\/23 &#8211; Per\u00edodo de recuperaci\u00f3n de aprendizajes (estudiantes que fueron notificados) 22\/02\/23 \u2013 Lengua 13:30 h 23\/02\/23 \u2013 Matem\u00e1tica 13:30 h 24\/02\/23 \u2013 Ciencias Sociales\/Naturales- Materias Especiales 13:30 h DOCUMENTACI\u00d3N&nbsp; FLORECER<\/p>\n","protected":false},"author":1518,"featured_media":0,"parent":0,"menu_order":0,"comment_status":"closed","ping_status":"closed","template":"","meta":[],"acf":[],"_links":{"self":[{"href":"https:\/\/ensavellaneda-cba.infd.edu.ar\/sitio\/wp-json\/wp\/v2\/pages\/932"}],"collection":[{"href":"https:\/\/ensavellaneda-cba.infd.edu.ar\/sitio\/wp-json\/wp\/v2\/pages"}],"about":[{"href":"https:\/\/ensavellaneda-cba.infd.edu.ar\/sitio\/wp-json\/wp\/v2\/types\/page"}],"author":[{"embeddable":true,"href":"https:\/\/ensavellaneda-cba.infd.edu.ar\/sitio\/wp-json\/wp\/v2\/users\/1518"}],"replies":[{"embeddable":true,"href":"https:\/\/ensavellaneda-cba.infd.edu.ar\/sitio\/wp-json\/wp\/v2\/comments?post=932"}],"version-history":[{"count":5,"href":"https:\/\/ensavellaneda-cba.infd.edu.ar\/sitio\/wp-json\/wp\/v2\/pages\/932\/revisions"}],"predecessor-version":[{"id":3272,"href":"https:\/\/ensavellaneda-cba.infd.edu.ar\/sitio\/wp-json\/wp\/v2\/pages\/932\/revisions\/3272"}],"wp:attachment":[{"href":"https:\/\/ensavellaneda-cba.infd.edu.ar\/sitio\/wp-json\/wp\/v2\/media?parent=932"}],"curies":[{"name":"wp","href":"https:\/\/api.w.org\/{rel}","templated":true}]}}