{"id":3377,"date":"2023-04-17T14:47:07","date_gmt":"2023-04-17T17:47:07","guid":{"rendered":"https:\/\/ensavellaneda-cba.infd.edu.ar\/sitio\/?page_id=3377"},"modified":"2023-11-10T19:48:00","modified_gmt":"2023-11-10T22:48:00","slug":"comision-perspectiva-de-genero-entre-derechos-saberes-y-transformaciones-institucionales","status":"publish","type":"page","link":"https:\/\/ensavellaneda-cba.infd.edu.ar\/sitio\/comision-perspectiva-de-genero-entre-derechos-saberes-y-transformaciones-institucionales\/","title":{"rendered":"COMISI\u00d3N PERSPECTIVA DE G\u00c9NERO: ENTRE DERECHOS, SABERES Y TRANSFORMACIONES INSTITUCIONALES"},"content":{"rendered":"\n<p><\/p>\n\n\n<div class=\"wp-block-image\">\n<figure class=\"aligncenter size-full is-resized\"><img decoding=\"async\" loading=\"lazy\" src=\"https:\/\/ensavellaneda-cba.infd.edu.ar\/sitio\/wp-content\/uploads\/2023\/05\/WhatsApp-Image-2023-05-11-at-20.14.49.jpeg\" alt=\"\" class=\"wp-image-3447\" width=\"-146\" height=\"-146\" srcset=\"https:\/\/ensavellaneda-cba.infd.edu.ar\/sitio\/wp-content\/uploads\/2023\/05\/WhatsApp-Image-2023-05-11-at-20.14.49.jpeg 1414w, https:\/\/ensavellaneda-cba.infd.edu.ar\/sitio\/wp-content\/uploads\/2023\/05\/WhatsApp-Image-2023-05-11-at-20.14.49-1000x1000.jpeg 1000w, https:\/\/ensavellaneda-cba.infd.edu.ar\/sitio\/wp-content\/uploads\/2023\/05\/WhatsApp-Image-2023-05-11-at-20.14.49-500x500.jpeg 500w, https:\/\/ensavellaneda-cba.infd.edu.ar\/sitio\/wp-content\/uploads\/2023\/05\/WhatsApp-Image-2023-05-11-at-20.14.49-768x768.jpeg 768w\" sizes=\"(max-width: 1414px) 100vw, 1414px\" \/><\/figure><\/div>\n\n\n<div class=\"wp-block-columns alignwide is-layout-flex wp-container-10\" style=\"margin-bottom:0\">\n<div class=\"wp-block-column has-text-color has-background has-link-color wp-elements-5816e0e2896fbe2c172f2b3ddfd25773 is-layout-flow\" style=\"color:#000000;background-color:#ffe97d;padding-top:2em;padding-right:2em;padding-bottom:2em;padding-left:2em\">\n<h2 class=\"wp-block-heading\" id=\"single\" style=\"font-size:40px\">M\u00d3DULO I<\/h2>\n\n\n\n<hr class=\"wp-block-separator has-alpha-channel-opacity\"\/>\n\n\n\n<p class=\"has-normal-font-size\" style=\"line-height:1.5\"><strong>LEY MICAELA<\/strong> <\/p>\n\n\n\n<figure class=\"wp-block-image size-full is-resized\"><img decoding=\"async\" loading=\"lazy\" src=\"https:\/\/ensavellaneda-cba.infd.edu.ar\/sitio\/wp-content\/uploads\/2023\/04\/MODULO-1..jpg\" alt=\"\" class=\"wp-image-3355\" width=\"275\" height=\"192\"\/><\/figure>\n\n\n\n<div class=\"wp-block-buttons is-layout-flex\">\n<div class=\"wp-block-button\"><a class=\"wp-block-button__link wp-element-button\" href=\"https:\/\/ensavellaneda-cba.infd.edu.ar\/sitio\/wp-content\/uploads\/2023\/04\/MODULO-I-1.pdf\" target=\"_blank\" rel=\"noreferrer noopener\">Ingresar aqu\u00ed<\/a><\/div>\n<\/div>\n<\/div>\n\n\n\n<div class=\"wp-block-column has-text-color has-background has-link-color wp-elements-ebe9ced21cabeb02ed96eae55c89d74c is-layout-flow\" style=\"color:#000000;background-color:#d1d1e1;padding-top:2em;padding-right:2em;padding-bottom:2em;padding-left:2em\">\n<h2 class=\"wp-block-heading\" id=\"family\" style=\"font-size:40px\">M\u00d3DULO II<\/h2>\n\n\n\n<p><\/p>\n\n\n\n<hr class=\"wp-block-separator has-css-opacity is-style-wide\"\/>\n\n\n\n<p><strong>SEMANA DE LA IGUALDAD<\/strong><\/p>\n\n\n\n<div class=\"wp-block-columns is-layout-flex wp-container-6\">\n<div class=\"wp-block-column is-vertically-aligned-bottom is-layout-flow\" style=\"flex-basis:100%\">\n<figure class=\"wp-block-gallery has-nested-images columns-default is-cropped wp-block-gallery-3 is-layout-flex\">\n<figure class=\"wp-block-image size-full\"><img decoding=\"async\" loading=\"lazy\" width=\"1040\" height=\"780\" src=\"https:\/\/ensavellaneda-cba.infd.edu.ar\/sitio\/wp-content\/uploads\/2023\/09\/WhatsApp-Image-2023-09-16-at-11.02.39-6.jpeg\" alt=\"\" class=\"wp-image-3621\" srcset=\"https:\/\/ensavellaneda-cba.infd.edu.ar\/sitio\/wp-content\/uploads\/2023\/09\/WhatsApp-Image-2023-09-16-at-11.02.39-6.jpeg 1040w, https:\/\/ensavellaneda-cba.infd.edu.ar\/sitio\/wp-content\/uploads\/2023\/09\/WhatsApp-Image-2023-09-16-at-11.02.39-6-1000x750.jpeg 1000w, https:\/\/ensavellaneda-cba.infd.edu.ar\/sitio\/wp-content\/uploads\/2023\/09\/WhatsApp-Image-2023-09-16-at-11.02.39-6-768x576.jpeg 768w\" sizes=\"(max-width: 1040px) 100vw, 1040px\" \/><\/figure>\n<\/figure>\n<\/div>\n<\/div>\n\n\n\n<div class=\"wp-block-buttons is-horizontal is-content-justification-center is-layout-flex wp-container-7\">\n<div class=\"wp-block-button\"><a class=\"wp-block-button__link wp-element-button\" href=\"https:\/\/drive.google.com\/file\/d\/1Ayr5f9jDp58h5kqDEThRalefnVsphocH\/view?usp=sharing\" target=\"_blank\" rel=\"noreferrer noopener\">Ingresar aqu\u00ed<\/a><\/div>\n\n\n<\/div>\n<\/div>\n\n\n\n<div class=\"wp-block-column has-text-color has-background has-link-color wp-elements-7bdcae2f6301ba44cc35adc27274830d is-layout-flow\" style=\"color:#000000;background-color:#c0ebf1;padding-top:2em;padding-right:2em;padding-bottom:2em;padding-left:2em\">\n<h2 class=\"wp-block-heading\" id=\"patron\" style=\"font-size:40px\"><strong>M\u00d3DULO III<\/strong><\/h2>\n\n\n\n<p class=\"has-normal-font-size\"><\/p>\n\n\n\n<hr class=\"wp-block-separator has-css-opacity is-style-wide\"\/>\n<\/div>\n<\/div>\n\n\n<div class=\"entry-content wp-block-post-content is-layout-flow\">\n<p><\/p>\n\n\n<div class=\"wp-block-image\">\n<figure class=\"aligncenter size-full is-resized\"><img decoding=\"async\" loading=\"lazy\" src=\"https:\/\/ensavellaneda-cba.infd.edu.ar\/sitio\/wp-content\/uploads\/2023\/05\/WhatsApp-Image-2023-05-11-at-20.14.49.jpeg\" alt=\"\" class=\"wp-image-3447\" width=\"-146\" height=\"-146\" srcset=\"https:\/\/ensavellaneda-cba.infd.edu.ar\/sitio\/wp-content\/uploads\/2023\/05\/WhatsApp-Image-2023-05-11-at-20.14.49.jpeg 1414w, https:\/\/ensavellaneda-cba.infd.edu.ar\/sitio\/wp-content\/uploads\/2023\/05\/WhatsApp-Image-2023-05-11-at-20.14.49-1000x1000.jpeg 1000w, https:\/\/ensavellaneda-cba.infd.edu.ar\/sitio\/wp-content\/uploads\/2023\/05\/WhatsApp-Image-2023-05-11-at-20.14.49-500x500.jpeg 500w, https:\/\/ensavellaneda-cba.infd.edu.ar\/sitio\/wp-content\/uploads\/2023\/05\/WhatsApp-Image-2023-05-11-at-20.14.49-768x768.jpeg 768w\" sizes=\"(max-width: 1414px) 100vw, 1414px\" \/><\/figure><\/div>\n\n\n<div class=\"wp-block-columns alignwide is-layout-flex wp-container-20\" style=\"margin-bottom:0\">\n<div class=\"wp-block-column has-text-color has-background has-link-color wp-elements-5816e0e2896fbe2c172f2b3ddfd25773 is-layout-flow\" style=\"color:#000000;background-color:#ffe97d;padding-top:2em;padding-right:2em;padding-bottom:2em;padding-left:2em\">\n<h2 class=\"wp-block-heading\" id=\"single\" style=\"font-size:40px\">M\u00d3DULO I<\/h2>\n\n\n\n<hr class=\"wp-block-separator has-alpha-channel-opacity\"\/>\n\n\n\n<p class=\"has-normal-font-size\" style=\"line-height:1.5\"><strong>LEY MICAELA<\/strong> <\/p>\n\n\n\n<figure class=\"wp-block-image size-full is-resized\"><img decoding=\"async\" loading=\"lazy\" src=\"https:\/\/ensavellaneda-cba.infd.edu.ar\/sitio\/wp-content\/uploads\/2023\/04\/MODULO-1..jpg\" alt=\"\" class=\"wp-image-3355\" width=\"275\" height=\"192\"\/><\/figure>\n\n\n\n<div class=\"wp-block-buttons is-layout-flex\">\n<div class=\"wp-block-button\"><a class=\"wp-block-button__link wp-element-button\" href=\"https:\/\/ensavellaneda-cba.infd.edu.ar\/sitio\/wp-content\/uploads\/2023\/04\/MODULO-I-1.pdf\" target=\"_blank\" rel=\"noreferrer noopener\">Ingresar aqu\u00ed<\/a><\/div>\n<\/div>\n<\/div>\n\n\n\n<div class=\"wp-block-column has-text-color has-background has-link-color wp-elements-ebe9ced21cabeb02ed96eae55c89d74c is-layout-flow\" style=\"color:#000000;background-color:#d1d1e1;padding-top:2em;padding-right:2em;padding-bottom:2em;padding-left:2em\">\n<h2 class=\"wp-block-heading\" id=\"family\" style=\"font-size:40px\">M\u00d3DULO II<\/h2>\n\n\n\n<p><\/p>\n\n\n\n<hr class=\"wp-block-separator has-css-opacity is-style-wide\"\/>\n\n\n\n<p><strong>SEMANA DE LA IGUALDAD<\/strong><\/p>\n\n\n\n<div class=\"wp-block-columns is-layout-flex wp-container-16\">\n<div class=\"wp-block-column is-vertically-aligned-bottom is-layout-flow\" style=\"flex-basis:100%\">\n<figure class=\"wp-block-gallery has-nested-images columns-default is-cropped wp-block-gallery-13 is-layout-flex\">\n<figure class=\"wp-block-image size-full\"><img decoding=\"async\" loading=\"lazy\" width=\"1040\" height=\"780\" src=\"https:\/\/ensavellaneda-cba.infd.edu.ar\/sitio\/wp-content\/uploads\/2023\/09\/WhatsApp-Image-2023-09-16-at-11.02.39-6.jpeg\" alt=\"\" class=\"wp-image-3621\" srcset=\"https:\/\/ensavellaneda-cba.infd.edu.ar\/sitio\/wp-content\/uploads\/2023\/09\/WhatsApp-Image-2023-09-16-at-11.02.39-6.jpeg 1040w, https:\/\/ensavellaneda-cba.infd.edu.ar\/sitio\/wp-content\/uploads\/2023\/09\/WhatsApp-Image-2023-09-16-at-11.02.39-6-1000x750.jpeg 1000w, https:\/\/ensavellaneda-cba.infd.edu.ar\/sitio\/wp-content\/uploads\/2023\/09\/WhatsApp-Image-2023-09-16-at-11.02.39-6-768x576.jpeg 768w\" sizes=\"(max-width: 1040px) 100vw, 1040px\" \/><\/figure>\n<\/figure>\n<\/div>\n<\/div>\n\n\n\n<div class=\"wp-block-buttons is-horizontal is-content-justification-center is-layout-flex wp-container-17\">\n<div class=\"wp-block-button\"><a class=\"wp-block-button__link wp-element-button\" href=\"https:\/\/drive.google.com\/file\/d\/1Ayr5f9jDp58h5kqDEThRalefnVsphocH\/view?usp=sharing\" target=\"_blank\" rel=\"noreferrer noopener\">Ingresar aqu\u00ed<\/a><\/div>\n\n\n<\/div>\n<\/div>\n\n\n\n<div class=\"wp-block-column has-text-color has-background has-link-color wp-elements-7bdcae2f6301ba44cc35adc27274830d is-layout-flow\" style=\"color:#000000;background-color:#c0ebf1;padding-top:2em;padding-right:2em;padding-bottom:2em;padding-left:2em\">\n<h2 class=\"wp-block-heading\" id=\"patron\" style=\"font-size:40px\"><strong>M\u00d3DULO III<\/strong><\/h2>\n\n\n\n<p class=\"has-normal-font-size\"><\/p>\n\n\n\n<hr class=\"wp-block-separator has-css-opacity is-style-wide\"\/>\n<\/div>\n<\/div>\n\n\n<\/div>","protected":false},"excerpt":{"rendered":"<p>M\u00d3DULO I LEY MICAELA M\u00d3DULO II SEMANA DE LA IGUALDAD M\u00d3DULO III<\/p>\n","protected":false},"author":3165,"featured_media":0,"parent":0,"menu_order":0,"comment_status":"closed","ping_status":"closed","template":"","meta":[],"acf":[],"_links":{"self":[{"href":"https:\/\/ensavellaneda-cba.infd.edu.ar\/sitio\/wp-json\/wp\/v2\/pages\/3377"}],"collection":[{"href":"https:\/\/ensavellaneda-cba.infd.edu.ar\/sitio\/wp-json\/wp\/v2\/pages"}],"about":[{"href":"https:\/\/ensavellaneda-cba.infd.edu.ar\/sitio\/wp-json\/wp\/v2\/types\/page"}],"author":[{"embeddable":true,"href":"https:\/\/ensavellaneda-cba.infd.edu.ar\/sitio\/wp-json\/wp\/v2\/users\/3165"}],"replies":[{"embeddable":true,"href":"https:\/\/ensavellaneda-cba.infd.edu.ar\/sitio\/wp-json\/wp\/v2\/comments?post=3377"}],"version-history":[{"count":14,"href":"https:\/\/ensavellaneda-cba.infd.edu.ar\/sitio\/wp-json\/wp\/v2\/pages\/3377\/revisions"}],"predecessor-version":[{"id":3737,"href":"https:\/\/ensavellaneda-cba.infd.edu.ar\/sitio\/wp-json\/wp\/v2\/pages\/3377\/revisions\/3737"}],"wp:attachment":[{"href":"https:\/\/ensavellaneda-cba.infd.edu.ar\/sitio\/wp-json\/wp\/v2\/media?parent=3377"}],"curies":[{"name":"wp","href":"https:\/\/api.w.org\/{rel}","templated":true}]}}