{"id":1411,"date":"2020-06-03T17:15:15","date_gmt":"2020-06-03T20:15:15","guid":{"rendered":"https:\/\/ensavellaneda-cba.infd.edu.ar\/sitio\/?page_id=1411"},"modified":"2023-05-08T08:16:51","modified_gmt":"2023-05-08T11:16:51","slug":"formacion-tecnica-2","status":"publish","type":"page","link":"https:\/\/ensavellaneda-cba.infd.edu.ar\/sitio\/formacion-tecnica-2\/","title":{"rendered":"Formaci\u00f3n T\u00e9cnica"},"content":{"rendered":"<h2><span style=\"color: #0000ff;\"><strong>NOVEDADES :<\/strong><\/span><\/h2>\n<p>\u00a0<\/p>\n<h3><span style=\"color: #666699;\">TECNICATURA SUPERIOR EN BROMATOLOG\u00cdA<\/span><\/h3>\n<h5><strong><u><span style=\"color: #008080;\">CONVOCATORIA.<\/span> <span style=\"color: #008080;\">R.M N\u00b0 197\/22<\/span>. <span style=\"color: #008080;\">Publicaci\u00f3n de horas c\u00e1tedras vacantes para cubrir interinatos y suplencias<\/span><\/u><\/strong><\/h5>\n<p><span style=\"color: #339966;\"><strong><u>Cobertura de horas c\u00e1tedra 13900:\u00a0<\/u><\/strong><\/span><\/p>\n<p>La cobertura de horas c\u00e1tedra en Educaci\u00f3n <span style=\"color: #008080;\">Superior<\/span> seg\u00fan procedimiento excepcional establecido por RM N\u00b0197\/22, la Instituci\u00f3n (previa autorizaci\u00f3n de la Direcci\u00f3n de Nivel), proceder\u00e1 a realizar la Convocatoria online en la p\u00e1gina web Institucional.<\/p>\n<p><strong>\u00a0<\/strong><strong>Para los aspirantes:\u00a0<\/strong>En el tiempo de publicaci\u00f3n los aspirantes deber\u00e1n enviar sus antecedentes y requisitos que se requieran al siguiente correo <strong><em>secretariaena22@gmail.com<\/em><\/strong><\/p>\n<p><span style=\"color: #339966;\"><strong><u>Procedimiento <\/u><\/strong><\/span><\/p>\n<p>Una vez realizada la Convocatoria el aspirante deber\u00e1, con <strong>car\u00e1cter de Declaraci\u00f3n Jurada<\/strong>:<\/p>\n<p>\u00a0<strong>1-<\/strong> Informar el correo electr\u00f3nico que utilizar\u00e1 como medio de comunicaci\u00f3n fehaciente para el procedimiento,\u00a0 teniendo la obligaci\u00f3n de notificar a la instituci\u00f3n correspondiente cualquier cambio respecto del mismo, bajo apercibimiento de tener por realizadas las notificaciones en el primer correo electr\u00f3nico informado ante la instituci\u00f3n.<\/p>\n<p><strong>2<\/strong>&#8211; Enviar por correo electr\u00f3nico a la instituci\u00f3n, dentro de los tiempos fehacientemente establecidos y hasta la primera hora del d\u00eda h\u00e1bil posterior al cierre de la inscripci\u00f3n en PDF la siguiente documentaci\u00f3n:<\/p>\n<p>a. Constancia de inscripci\u00f3n, correspondiente a cada unidad curricular en que se haya inscripto y con los datos que se detallan en la convocatoria.<\/p>\n<p>b. DNI.<\/p>\n<p>c. CV nominativo seg\u00fan formato correspondiente.<\/p>\n<p>d. T\u00edtulo\/s, Certificados y Constancia de Servicios.<\/p>\n<p>e. Proyecto de abordaje del Espacio Curricular que contemple la virtualidad (hasta 7 p\u00e1ginas)<\/p>\n<p><strong><em><span style=\"color: #800080;\">Tener en cuenta el documento \u201cOrientaciones y Criterios para la<\/span> <span style=\"color: #800080;\">Valoraci\u00f3n del Proyecto\u201d.<\/span><\/em><\/strong><\/p>\n<p><strong>3<\/strong>&#8211; El comprobante v\u00e1lido de la documentaci\u00f3n presentada ser\u00e1 el correo que la Instituci\u00f3n enviar\u00e1, en el t\u00e9rmino de 24 horas, confirmando la recepci\u00f3n y su detalle. <strong>Ser\u00e1 considerado como \u00fanico comprobante v\u00e1lido de la inscripci\u00f3n y de la documentaci\u00f3n presentada por el aspirante<\/strong>.<\/p>\n<p><span style=\"color: #339966;\"><strong>Valoraci\u00f3n<\/strong><\/span><\/p>\n<p>Una comisi\u00f3n ad hoc luego de recibida la documentaci\u00f3n tendr\u00e1 5 d\u00edas para elaborar el orden de M\u00e9rito.<\/p>\n<p>Para la elaboraci\u00f3n del orden de M\u00e9rito, la valoraci\u00f3n de antecedentes se realizar\u00e1 seg\u00fan los criterios establecidos en el Anexo II de la Resoluci\u00f3n N\u00b0 83\/15, m\u00e1s la valoraci\u00f3n del Proyecto presentado por el Postulante.<\/p>\n<p><span style=\"color: #339966;\"><strong>Posterior a la valoraci\u00f3n<\/strong><\/span><\/p>\n<p>1- La Lista de Orden de M\u00e9rito ser\u00e1 publicada por la instituci\u00f3n educativa en la p\u00e1gina web, durante 48 horas.<\/p>\n<p>2- Durante el per\u00edodo de publicaci\u00f3n y hasta el d\u00eda h\u00e1bil posterior de la finalizaci\u00f3n de la misma, los aspirantes deber\u00e1n remitir correo electr\u00f3nico a la instituci\u00f3n correspondiente, aceptando el ofrecimiento. Caso contrario, se considerar\u00e1 que ha desistido del mismo.<\/p>\n<p>3- Una vez aceptado el ofrecimiento la instituci\u00f3n proceder\u00e1 a la designaci\u00f3n del docente.<\/p>\n<p><span style=\"color: #339966;\"><strong>Consultar:<\/strong><\/span><\/p>\n<ul>\n<li><a href=\"https:\/\/ensavellaneda-cba.infd.edu.ar\/sitio\/wp-content\/uploads\/2022\/07\/RES-M-197-22-Procedimiento-Cobertura-de-Cargos-Virtual-de-SUPERIOR-Y-TECNICA.pdf\">Resoluci\u00f3n Ministerial N\u00b0 197\/22: Cobertura de horas c\u00e1tedra del Nivel Superior<\/a><\/li>\n<li><a href=\"https:\/\/ensavellaneda-cba.infd.edu.ar\/sitio\/wp-content\/uploads\/2023\/04\/Orientaciones-y-criterios-para-valoracion-del-proyecto.pdf\">Orientaciones y criterios para la valoraci\u00f3n del Proyecto RM N\u00ba197\/22<\/a><\/li>\n<li><a href=\"https:\/\/ensavellaneda-cba.infd.edu.ar\/sitio\/wp-content\/uploads\/2023\/04\/Formulario-online-de-Inscripcion.pdf\">Formulario de inscripci\u00f3n<\/a>\u00a0<\/li>\n<\/ul>\n<h3>\u00a0<\/h3>\n\n\n<p><\/p>\n","protected":false},"excerpt":{"rendered":"<p>NOVEDADES : \u00a0 TECNICATURA SUPERIOR EN BROMATOLOG\u00cdA CONVOCATORIA. R.M N\u00b0 197\/22. Publicaci\u00f3n de horas c\u00e1tedras vacantes para cubrir interinatos y suplencias Cobertura de horas c\u00e1tedra 13900:\u00a0 La cobertura de horas c\u00e1tedra en Educaci\u00f3n Superior seg\u00fan procedimiento excepcional establecido por RM N\u00b0197\/22, la Instituci\u00f3n (previa autorizaci\u00f3n de la Direcci\u00f3n de Nivel), proceder\u00e1 a realizar la Convocatoria &#8230; <a title=\"Formaci\u00f3n T\u00e9cnica\" class=\"read-more\" href=\"https:\/\/ensavellaneda-cba.infd.edu.ar\/sitio\/formacion-tecnica-2\/\" aria-label=\"More on Formaci\u00f3n T\u00e9cnica\">[+]<\/a><\/p>\n","protected":false},"author":1518,"featured_media":0,"parent":0,"menu_order":0,"comment_status":"closed","ping_status":"closed","template":"","meta":[],"acf":[],"_links":{"self":[{"href":"https:\/\/ensavellaneda-cba.infd.edu.ar\/sitio\/wp-json\/wp\/v2\/pages\/1411"}],"collection":[{"href":"https:\/\/ensavellaneda-cba.infd.edu.ar\/sitio\/wp-json\/wp\/v2\/pages"}],"about":[{"href":"https:\/\/ensavellaneda-cba.infd.edu.ar\/sitio\/wp-json\/wp\/v2\/types\/page"}],"author":[{"embeddable":true,"href":"https:\/\/ensavellaneda-cba.infd.edu.ar\/sitio\/wp-json\/wp\/v2\/users\/1518"}],"replies":[{"embeddable":true,"href":"https:\/\/ensavellaneda-cba.infd.edu.ar\/sitio\/wp-json\/wp\/v2\/comments?post=1411"}],"version-history":[{"count":68,"href":"https:\/\/ensavellaneda-cba.infd.edu.ar\/sitio\/wp-json\/wp\/v2\/pages\/1411\/revisions"}],"predecessor-version":[{"id":3434,"href":"https:\/\/ensavellaneda-cba.infd.edu.ar\/sitio\/wp-json\/wp\/v2\/pages\/1411\/revisions\/3434"}],"wp:attachment":[{"href":"https:\/\/ensavellaneda-cba.infd.edu.ar\/sitio\/wp-json\/wp\/v2\/media?parent=1411"}],"curies":[{"name":"wp","href":"https:\/\/api.w.org\/{rel}","templated":true}]}}