{"id":1409,"date":"2020-06-03T17:14:47","date_gmt":"2020-06-03T20:14:47","guid":{"rendered":"https:\/\/ensavellaneda-cba.infd.edu.ar\/sitio\/?page_id=1409"},"modified":"2020-11-26T17:04:34","modified_gmt":"2020-11-26T20:04:34","slug":"formacion-docente-2","status":"publish","type":"page","link":"https:\/\/ensavellaneda-cba.infd.edu.ar\/sitio\/formacion-docente-2\/","title":{"rendered":"Formaci\u00f3n Docente"},"content":{"rendered":"<h2><span style=\"color: #0000ff;\"><strong>NOVEDADES :<\/strong><\/span><\/h2>\n<h4>FORMACI\u00d3N DOCENTE<\/h4>\n<p><strong>Publicaci\u00f3n Acta dictamen resoluci\u00f3n 194\/20\u00a0<\/strong><\/p>\n<p><strong>COMUNICACI\u00d3N Y TRASTORNOS DEL LENGUAJE EN SUJETOS CON D.I\u00a0<\/strong><\/p>\n<p><a href=\"https:\/\/ensavellaneda-cba.infd.edu.ar\/sitio\/wp-content\/uploads\/2020\/11\/2-Acta-Dictamen-A77943-Com.-y-Transtornos-del-Lenguaje-en-Sujetos-con-D.I..pdf\">Ver aqu\u00ed<\/a><\/p>\n<p>&nbsp;<\/p>\n<p><strong>Publicaci\u00f3n Acta dictamen resoluci\u00f3n 194\/20 PSICOLOG\u00cdA Y EDUCACI\u00d3N\u00a0\u00a0<\/strong><\/p>\n<p><a href=\"https:\/\/ensavellaneda-cba.infd.edu.ar\/sitio\/wp-content\/uploads\/2020\/11\/1-Acta-Dictamen-A76037-Psicolog\u00eda-y-Educaci\u00f3n.pdf\">Ver aqu\u00ed<\/a><\/p>\n<p><strong>Publicaci\u00f3n Acta dictamen resoluci\u00f3n 194\/20 DISE\u00d1O Y CONSTRUCCI\u00d3N DE MATERIALES DID\u00c1CTICO\u00a0<\/strong><\/p>\n<p><a href=\"https:\/\/ensavellaneda-cba.infd.edu.ar\/sitio\/wp-content\/uploads\/2020\/11\/3-Acta-Dictamen-Dise\u00f1o-y-Construcci\u00f3n-de-Material-Did\u00e1ctico.pdf\">Ver aqu\u00ed<\/a><\/p>\n<hr \/>\n<h3 style=\"text-align: center;\"><span style=\"color: #000000;\"><strong>CONVOCATORIA<\/strong><\/span><\/h3>\n<p><strong>Fecha de Publicaci\u00f3n: Desde 29\/10\/2020 hasta 02\/11\/2020<\/strong><\/p>\n<ul>\n<li>Instituci\u00f3n: <strong>Escuela Normal Superior \u201cDr. Nicol\u00e1s Avellaneda\u201d<\/strong><\/li>\n<li>Carrera (Nombre correcto\u00a0\u00a0de la misma): <strong>Pr<\/strong><strong>ofesorado de Educaci\u00f3n Especial con Orientaci\u00f3n en Discapacidad Intelectual\u00a0<\/strong><\/li>\n<li>Espacio curricular (C\u00f3digo y nombre): <strong>A77943 \u2013Comunicaci\u00f3n y Trastornos\u00a0 del Lenguaje en Sujetos con D.I<\/strong><\/li>\n<li>Car\u00e1cter (interino \/ suplente): <strong>Interino a T\u00e9rmino<\/strong><\/li>\n<li>Curso\/Divisi\u00f3n: <strong>Tercer A\u00f1o <\/strong><\/li>\n<li>Carga horaria: <strong>04 horas semanales<\/strong><\/li>\n<li>D\u00edas y horario de desempe\u00f1o:<\/li>\n<\/ul>\n<p><strong>\u00a0\u00a0\u00a0\u00a0 Lunes: 21:40 a 22:20 \/ 22:20 a 23:00<\/strong><\/p>\n<p><strong>\u00a0\u00a0\u00a0\u00a0\u00a0Mi\u00e9rcoles: 21:40 a 22:20 \/ 22:20 a 23:00<\/strong><\/p>\n<ul>\n<li>Causal de la vacante: <strong>Renuncia Razones Particulares<\/strong><\/li>\n<\/ul>\n<p>En el tiempo de publicaci\u00f3n los aspirantes deber\u00e1n enviar sus antecedentes y requisitos que se requieran al siguiente correo enadireccion@gmail.com<\/p>\n<p><strong>Consultar:<\/strong><\/p>\n<ul>\n<li><a href=\"https:\/\/ensavellaneda-cba.infd.edu.ar\/sitio\/wp-content\/uploads\/2020\/06\/RESOL.-MIN.-194-20.pdf\">Resoluci\u00f3n Ministerial N\u00b0 194\/20<\/a><\/li>\n<li><a href=\"https:\/\/ensavellaneda-cba.infd.edu.ar\/sitio\/wp-content\/uploads\/2020\/06\/INSTRUCTIVO-SUPERIOR-B.pdf\">Instructivo Res. 194\/20<\/a><\/li>\n<li><a href=\"https:\/\/ensavellaneda-cba.infd.edu.ar\/sitio\/wp-content\/uploads\/2020\/10\/A77943-Convocatoria.pdf\">Convocatoria\u00a0<\/a><\/li>\n<\/ul>\n<p><strong>Importante<\/strong>: tanto el modelo de CV que propone DGES como otros instrumentros v\u00e1lidos para inscribirse, se encuentran en el siguiente enlace\u00a0<a href=\"http:\/\/dges-cba.edu.ar\/wp\/index.php\/convocatorias-a-horas-catedra-acceso-a-aspirantes\/\">http:\/\/dges-cba.edu.ar\/wp\/index.php\/convocatorias-a-horas-catedra-acceso-a-aspirantes\/<\/a><\/p>\n<hr \/>\n<h3 style=\"text-align: center;\"><span style=\"color: #000000;\"><strong>CONVOCATORIA<\/strong><\/span><\/h3>\n<p><strong>Fecha de Publicaci\u00f3n: Desde 29\/10\/2020 hasta 02\/11\/2020<\/strong><\/p>\n<ul>\n<li>Instituci\u00f3n: <strong>Escuela Normal Superior \u201cDr. Nicol\u00e1s Avellaneda\u201d<\/strong><\/li>\n<li>Carrera (Nombre correcto\u00a0\u00a0de la misma): <strong>Pr<\/strong><strong>ofesorado de Educaci\u00f3n Especial con Orientaci\u00f3n en Discapacidad Intelectual\u00a0<\/strong><\/li>\n<li>Espacio curricular (C\u00f3digo y nombre): <strong>A76037 \u2013\u00a0Psicolog\u00eda y Educaci\u00f3n<\/strong><\/li>\n<li>Car\u00e1cter (interino \/ suplente): <strong>Interino a T\u00e9rmino<\/strong><\/li>\n<li>Curso\/Divisi\u00f3n: <strong>Primer A\u00f1o <\/strong><\/li>\n<li>Carga horaria: <strong>05 horas semanales<\/strong><\/li>\n<li>D\u00edas y horario de desempe\u00f1o:<\/li>\n<\/ul>\n<p><strong>\u00a0 \u00a0 \u00a0Lunes: 20:05 a 20:45 \/ 21:00 a 21:40<\/strong><\/p>\n<p><strong>\u00a0\u00a0\u00a0\u00a0 Martes: 19:25 a 20:05 \/ 20:05 a 20:45<\/strong><\/p>\n<p><strong>\u00a0\u00a0\u00a0\u00a0 Viernes: 19:25 a 20:05<\/strong><\/p>\n<ul>\n<li>Causal de la vacante: <strong>Renuncia Razones Particulares<\/strong><\/li>\n<\/ul>\n<p>En el tiempo de publicaci\u00f3n los aspirantes deber\u00e1n enviar sus antecedentes y requisitos que se requieran al siguiente correo enadireccion@gmail.com<\/p>\n<p><strong>Consultar:<\/strong><\/p>\n<ul>\n<li><a href=\"https:\/\/ensavellaneda-cba.infd.edu.ar\/sitio\/wp-content\/uploads\/2020\/06\/RESOL.-MIN.-194-20.pdf\">Resoluci\u00f3n Ministerial N\u00b0 194\/20<\/a><\/li>\n<li><a href=\"https:\/\/ensavellaneda-cba.infd.edu.ar\/sitio\/wp-content\/uploads\/2020\/06\/INSTRUCTIVO-SUPERIOR-B.pdf\">Instructivo Res. 194\/20<\/a><\/li>\n<li><a href=\"https:\/\/ensavellaneda-cba.infd.edu.ar\/sitio\/wp-content\/uploads\/2020\/10\/A76037-Convocatoria.pdf\">Convocatoria\u00a0<\/a><\/li>\n<\/ul>\n<p><strong>Importante<\/strong>: tanto el modelo de CV que propone DGES como otros instrumentros v\u00e1lidos para inscribirse, se encuentran en el siguiente enlace\u00a0<a href=\"http:\/\/dges-cba.edu.ar\/wp\/index.php\/convocatorias-a-horas-catedra-acceso-a-aspirantes\/\">http:\/\/dges-cba.edu.ar\/wp\/index.php\/convocatorias-a-horas-catedra-acceso-a-aspirantes\/<\/a><\/p>\n<hr \/>\n<h3 style=\"text-align: center;\"><span style=\"color: #000000;\"><strong>CONVOCATORIA<\/strong><\/span><\/h3>\n<p><strong>Fecha de Publicaci\u00f3n: Desde 29\/10\/2020 hasta 02\/11\/2020<\/strong><\/p>\n<ul>\n<li>Instituci\u00f3n: <strong>Escuela Normal Superior \u201cDr. Nicol\u00e1s Avellaneda\u201d<\/strong><\/li>\n<li>Carrera (Nombre correcto\u00a0\u00a0de la misma): <strong>Profesorado de Educaci\u00f3n Inicial<\/strong><\/li>\n<li>Espacio curricular (C\u00f3digo y nombre): <strong>A77933 \u2013\u00a0Dise\u00f1o y Construcci\u00f3n de Material Did\u00e1ctico<\/strong><\/li>\n<li>Car\u00e1cter (interino \/ suplente): <strong>Interino a T\u00e9rmino<\/strong><\/li>\n<li>Curso\/Divisi\u00f3n: <strong>Segundo A\u00f1o <\/strong><\/li>\n<li>Carga horaria: <strong>02 horas semanales<\/strong><\/li>\n<li>D\u00edas y horario de desempe\u00f1o:<\/li>\n<\/ul>\n<p><strong>\u00a0 \u00a0 \u00a0\u00a0<\/strong><strong>Mi\u00e9rcoles: 18:00 a 18:40 \/18:40 a 19:20<\/strong><\/p>\n<ul>\n<li>Causal de la vacante: <strong>Baja por Jubilaci\u00f3n Ordinaria.<\/strong><\/li>\n<\/ul>\n<p>En el tiempo de publicaci\u00f3n los aspirantes deber\u00e1n enviar sus antecedentes y requisitos que se requieran al siguiente correo enadireccion@gmail.com<\/p>\n<p><strong>Consultar:<\/strong><\/p>\n<ul>\n<li><a href=\"https:\/\/ensavellaneda-cba.infd.edu.ar\/sitio\/wp-content\/uploads\/2020\/06\/RESOL.-MIN.-194-20.pdf\">Resoluci\u00f3n Ministerial N\u00b0 194\/20<\/a><\/li>\n<li><a href=\"https:\/\/ensavellaneda-cba.infd.edu.ar\/sitio\/wp-content\/uploads\/2020\/06\/INSTRUCTIVO-SUPERIOR-B.pdf\">Instructivo Res. 194\/20<\/a><\/li>\n<li><a href=\"https:\/\/ensavellaneda-cba.infd.edu.ar\/sitio\/wp-content\/uploads\/2020\/10\/A77933-Convocatoria.pdf\">Convocatoria\u00a0<\/a><\/li>\n<\/ul>\n<p><strong>Importante<\/strong>: tanto el modelo de CV que propone DGES como otros instrumentros v\u00e1lidos para inscribirse, se encuentran en el siguiente enlace\u00a0<a href=\"http:\/\/dges-cba.edu.ar\/wp\/index.php\/convocatorias-a-horas-catedra-acceso-a-aspirantes\/\">http:\/\/dges-cba.edu.ar\/wp\/index.php\/convocatorias-a-horas-catedra-acceso-a-aspirantes\/<\/a><\/p>\n<hr \/>\n<h3 style=\"text-align: center;\"><span style=\"color: #000000;\"><strong>CONVOCATORIA<\/strong><\/span><\/h3>\n<p><strong>Fecha de Publicaci\u00f3n: Desde 29\/10\/2020 hasta 02\/11\/2020<\/strong><\/p>\n<ul>\n<li>Instituci\u00f3n: <strong>Escuela Normal Superior \u201cDr. Nicol\u00e1s Avellaneda\u201d<\/strong><\/li>\n<li>Carrera (Nombre correcto\u00a0\u00a0de la misma): <strong>Profesorado de Educaci\u00f3n Primaria<\/strong><\/li>\n<li>Espacio curricular (C\u00f3digo y nombre): <strong>A77264 \u2013\u00a0Educaci\u00f3n Art\u00edstica Expresiva<\/strong><\/li>\n<li>Car\u00e1cter (interino \/ suplente): <strong>Interino a T\u00e9rmino<\/strong><\/li>\n<li>Curso\/Divisi\u00f3n: <strong>Tercer A\u00f1o <\/strong><\/li>\n<li>Carga horaria: <strong>02 horas semanales<\/strong><\/li>\n<li>D\u00edas y horario de desempe\u00f1o:<\/li>\n<\/ul>\n<p><strong>\u00a0\u00a0\u00a0\u00a0\u00a0\u00a0\u00a0\u00a0 Lunes: 21:00 a 21:40 \/ 21:40 a 22:20<\/strong><\/p>\n<ul>\n<li>Causal de la vacante: <strong>Renuncia Razones Particulares.<\/strong><\/li>\n<\/ul>\n<p>En el tiempo de publicaci\u00f3n los aspirantes deber\u00e1n enviar sus antecedentes y requisitos que se requieran al siguiente correo enadireccion@gmail.com<\/p>\n<p><strong>Consultar:<\/strong><\/p>\n<ul>\n<li><a href=\"https:\/\/ensavellaneda-cba.infd.edu.ar\/sitio\/wp-content\/uploads\/2020\/06\/RESOL.-MIN.-194-20.pdf\">Resoluci\u00f3n Ministerial N\u00b0 194\/20<\/a><\/li>\n<li><a href=\"https:\/\/ensavellaneda-cba.infd.edu.ar\/sitio\/wp-content\/uploads\/2020\/06\/INSTRUCTIVO-SUPERIOR-B.pdf\">Instructivo Res. 194\/20<\/a><\/li>\n<li><a href=\"https:\/\/ensavellaneda-cba.infd.edu.ar\/sitio\/wp-content\/uploads\/2020\/10\/A77264-Convocatoria.pdf\">Convocatoria\u00a0<\/a><\/li>\n<\/ul>\n<p><strong>Importante<\/strong>: tanto el modelo de CV que propone DGES como otros instrumentros v\u00e1lidos para inscribirse, se encuentran en el siguiente enlace\u00a0<a href=\"http:\/\/dges-cba.edu.ar\/wp\/index.php\/convocatorias-a-horas-catedra-acceso-a-aspirantes\/\">http:\/\/dges-cba.edu.ar\/wp\/index.php\/convocatorias-a-horas-catedra-acceso-a-aspirantes\/<\/a><\/p>\n<hr \/>\n<p>&nbsp;<\/p>\n<p>&nbsp;<\/p>\n","protected":false},"excerpt":{"rendered":"<p>NOVEDADES : FORMACI\u00d3N DOCENTE Publicaci\u00f3n Acta dictamen resoluci\u00f3n 194\/20\u00a0 COMUNICACI\u00d3N Y TRASTORNOS DEL LENGUAJE EN SUJETOS CON D.I\u00a0 Ver aqu\u00ed &nbsp; Publicaci\u00f3n Acta dictamen resoluci\u00f3n 194\/20 PSICOLOG\u00cdA Y EDUCACI\u00d3N\u00a0\u00a0 Ver aqu\u00ed Publicaci\u00f3n Acta dictamen resoluci\u00f3n 194\/20 DISE\u00d1O Y CONSTRUCCI\u00d3N DE MATERIALES DID\u00c1CTICO\u00a0 Ver aqu\u00ed CONVOCATORIA Fecha de Publicaci\u00f3n: Desde 29\/10\/2020 hasta 02\/11\/2020 Instituci\u00f3n: Escuela Normal &#8230; <a title=\"Formaci\u00f3n Docente\" class=\"read-more\" href=\"https:\/\/ensavellaneda-cba.infd.edu.ar\/sitio\/formacion-docente-2\/\" aria-label=\"More on Formaci\u00f3n Docente\">[+]<\/a><\/p>\n","protected":false},"author":1518,"featured_media":0,"parent":0,"menu_order":0,"comment_status":"closed","ping_status":"closed","template":"","meta":[],"acf":[],"_links":{"self":[{"href":"https:\/\/ensavellaneda-cba.infd.edu.ar\/sitio\/wp-json\/wp\/v2\/pages\/1409"}],"collection":[{"href":"https:\/\/ensavellaneda-cba.infd.edu.ar\/sitio\/wp-json\/wp\/v2\/pages"}],"about":[{"href":"https:\/\/ensavellaneda-cba.infd.edu.ar\/sitio\/wp-json\/wp\/v2\/types\/page"}],"author":[{"embeddable":true,"href":"https:\/\/ensavellaneda-cba.infd.edu.ar\/sitio\/wp-json\/wp\/v2\/users\/1518"}],"replies":[{"embeddable":true,"href":"https:\/\/ensavellaneda-cba.infd.edu.ar\/sitio\/wp-json\/wp\/v2\/comments?post=1409"}],"version-history":[{"count":27,"href":"https:\/\/ensavellaneda-cba.infd.edu.ar\/sitio\/wp-json\/wp\/v2\/pages\/1409\/revisions"}],"predecessor-version":[{"id":1853,"href":"https:\/\/ensavellaneda-cba.infd.edu.ar\/sitio\/wp-json\/wp\/v2\/pages\/1409\/revisions\/1853"}],"wp:attachment":[{"href":"https:\/\/ensavellaneda-cba.infd.edu.ar\/sitio\/wp-json\/wp\/v2\/media?parent=1409"}],"curies":[{"name":"wp","href":"https:\/\/api.w.org\/{rel}","templated":true}]}}