{"id":1406,"date":"2020-06-03T17:09:57","date_gmt":"2020-06-03T20:09:57","guid":{"rendered":"https:\/\/ensavellaneda-cba.infd.edu.ar\/sitio\/?page_id=1406"},"modified":"2020-06-05T14:40:20","modified_gmt":"2020-06-05T17:40:20","slug":"cobertura-de-horas-nivel-superior","status":"publish","type":"page","link":"https:\/\/ensavellaneda-cba.infd.edu.ar\/sitio\/cobertura-de-horas-nivel-superior\/","title":{"rendered":"Cobertura de horas Nivel Superior (Res.194\/20)"},"content":{"rendered":"<h3><strong>\u00a0Resoluci\u00f3n Ministerial N\u00b0 194\/20. <\/strong><\/h3>\n<h3><strong>Publicaci\u00f3n de horas c\u00e1tedras vacantes para cubrir interinatos y suplencias<\/strong><\/h3>\n<p>&nbsp;<\/p>\n<p>La cobertura de horas c\u00e1tedra en Educaci\u00f3n Superior seg\u00fan procedimiento excepcional establecido por RM N\u00b0194\/20, tal como se establece en el Art. 2\u00b0, la Instituci\u00f3n (previa autorizaci\u00f3n de la Direcci\u00f3n de Nivel), proceder\u00e1 a realizar la Convocatoria on line en la p\u00e1gina web Institucional.<\/p>\n<p>&nbsp;<\/p>\n<h3><strong>\u00a0 \u00a0 \u00a0 \u00a0 \u00a0 \u00a0 \u00a0 \u00a0 \u00a0 \u00a0 \u00a0 \u00a0 \u00a0<a href=\"https:\/\/ensavellaneda-cba.infd.edu.ar\/sitio\/formacion-docente-2\/\"><img decoding=\"async\" loading=\"lazy\" class=\"alignnone wp-image-1455\" src=\"https:\/\/ensavellaneda-cba.infd.edu.ar\/sitio\/wp-content\/uploads\/2020\/06\/1-doc.png\" alt=\"\" width=\"218\" height=\"97\" \/><\/a>\u00a0 \u00a0 \u00a0 \u00a0 \u00a0 \u00a0 \u00a0 \u00a0 \u00a0 \u00a0 \u00a0\u00a0<\/strong><strong>\u00a0\u00a0<a href=\"https:\/\/ensavellaneda-cba.infd.edu.ar\/sitio\/formacion-tecnica-2\/\"><img decoding=\"async\" loading=\"lazy\" class=\"alignnone wp-image-1454\" src=\"https:\/\/ensavellaneda-cba.infd.edu.ar\/sitio\/wp-content\/uploads\/2020\/06\/1-tec.png\" alt=\"\" width=\"210\" height=\"92\" \/><\/a><\/strong><\/h3>\n","protected":false},"excerpt":{"rendered":"<p>\u00a0Resoluci\u00f3n Ministerial N\u00b0 194\/20. Publicaci\u00f3n de horas c\u00e1tedras vacantes para cubrir interinatos y suplencias &nbsp; La cobertura de horas c\u00e1tedra en Educaci\u00f3n Superior seg\u00fan procedimiento excepcional establecido por RM N\u00b0194\/20, tal como se establece en el Art. 2\u00b0, la Instituci\u00f3n (previa autorizaci\u00f3n de la Direcci\u00f3n de Nivel), proceder\u00e1 a realizar la Convocatoria on line en &#8230; <a title=\"Cobertura de horas Nivel Superior (Res.194\/20)\" class=\"read-more\" href=\"https:\/\/ensavellaneda-cba.infd.edu.ar\/sitio\/cobertura-de-horas-nivel-superior\/\" aria-label=\"More on Cobertura de horas Nivel Superior (Res.194\/20)\">[+]<\/a><\/p>\n","protected":false},"author":1518,"featured_media":0,"parent":0,"menu_order":0,"comment_status":"closed","ping_status":"closed","template":"","meta":[],"acf":[],"_links":{"self":[{"href":"https:\/\/ensavellaneda-cba.infd.edu.ar\/sitio\/wp-json\/wp\/v2\/pages\/1406"}],"collection":[{"href":"https:\/\/ensavellaneda-cba.infd.edu.ar\/sitio\/wp-json\/wp\/v2\/pages"}],"about":[{"href":"https:\/\/ensavellaneda-cba.infd.edu.ar\/sitio\/wp-json\/wp\/v2\/types\/page"}],"author":[{"embeddable":true,"href":"https:\/\/ensavellaneda-cba.infd.edu.ar\/sitio\/wp-json\/wp\/v2\/users\/1518"}],"replies":[{"embeddable":true,"href":"https:\/\/ensavellaneda-cba.infd.edu.ar\/sitio\/wp-json\/wp\/v2\/comments?post=1406"}],"version-history":[{"count":7,"href":"https:\/\/ensavellaneda-cba.infd.edu.ar\/sitio\/wp-json\/wp\/v2\/pages\/1406\/revisions"}],"predecessor-version":[{"id":1458,"href":"https:\/\/ensavellaneda-cba.infd.edu.ar\/sitio\/wp-json\/wp\/v2\/pages\/1406\/revisions\/1458"}],"wp:attachment":[{"href":"https:\/\/ensavellaneda-cba.infd.edu.ar\/sitio\/wp-json\/wp\/v2\/media?parent=1406"}],"curies":[{"name":"wp","href":"https:\/\/api.w.org\/{rel}","templated":true}]}}