{"id":1055,"date":"2018-08-30T13:51:24","date_gmt":"2018-08-30T16:51:24","guid":{"rendered":"https:\/\/ensavellaneda-cba.infd.edu.ar\/sitio\/normativa-y-bibliografia\/"},"modified":"2019-02-28T20:36:14","modified_gmt":"2019-02-28T23:36:14","slug":"normativa-y-bibliografia","status":"publish","type":"page","link":"https:\/\/ensavellaneda-cba.infd.edu.ar\/sitio\/normativa-y-bibliografia\/","title":{"rendered":"Normativas de la Formaci\u00f3n T\u00e9cnica"},"content":{"rendered":"<p><span style=\"color: #000000;\"><span style=\"color: #003300;\"><strong>Normativas:<\/strong><\/span>\u00a0<\/span><\/p>\n<p><span style=\"color: #000000;\">&#8211; <a title=\"Resoluci\u00f3n RAM\" href=\"upload\/resol_RAM_412.pdf\" target=\"_blank\" rel=\"noopener\">RAM: Reglamento Acad\u00e9mico Marco<\/a><\/span><\/p>\n<p><span style=\"color: #000000;\">&#8211; <a title=\"Resoluci\u00f3n TS Higiene\" href=\"upload\/Resolucion_Ministerial_Higiene_200-09.pdf\" target=\"_blank\" rel=\"noopener\">Resoluci\u00f3n TS Seguridad e Higiene en el Trabajo<\/a><\/span><\/p>\n<p><span style=\"color: #000000;\">&#8211; <a title=\"Resoluci\u00f3n TS Bromatolog\u00eda\" href=\"upload\/Tecnicatura_Superior_en_Bromatologia_RM_N_691-12.pdf\" target=\"_blank\" rel=\"noopener\">Resoluci\u00f3n TS Bromatolog\u00eda<\/a><\/span><\/p>\n<p><span style=\"color: #000000;\">&#8211; <a title=\"Resoluci\u00f3n TS Gesti\u00f3n y Mantenimiento Industrial\" href=\"upload\/TS_en_Gestion_y_Mantenimiento_Industrial_RM_73_15.pdf\" target=\"_blank\" rel=\"noopener\">Resoluci\u00f3n TS Gesti\u00f3n y Mantenimiento Industrial<\/a><\/span><\/p>\n<p><span style=\"color: #000000;\">&#8211; <a title=\"Resoluci\u00f3n TS Maquinarias y Equipos Agrop\" href=\"upload\/TS_en_Maquinarias_y_Equipos_Agrop_RM_1000-13.pdf\" target=\"_blank\" rel=\"noopener\">Resoluci\u00f3n TS Maquinarias y equipos agropecuarios<\/a><\/span><\/p>\n<p><span style=\"color: #000000;\">&#8211; <a title=\"Resoluci\u00f3n TS Maquinarias y equipos agrop ANEXO\" href=\"upload\/TS_en_Maquinarias_y_Equipos_Agrop_ANEXO_RM__1000-13.pdf\" target=\"_blank\" rel=\"noopener\">Resoluci\u00f3n TS Maquinarias y equipos agropecuarios. Anexo<\/a><\/span><\/p>\n<p><span style=\"color: #000000;\">&#8211; <a title=\"Resoluci\u00f3n TS Qu\u00edmica de los Materiales\" href=\"upload\/TS_en_Quimica_de_los_Materiales_RM_74_15.pdf\" target=\"_blank\" rel=\"noopener\">Resoluci\u00f3n TS Qu\u00edmica de los Materiales<\/a><\/span><\/p>\n<p>&nbsp;<\/p>\n<p>&nbsp;<\/p>\n","protected":false},"excerpt":{"rendered":"<p>Normativas:\u00a0 &#8211; RAM: Reglamento Acad\u00e9mico Marco &#8211; Resoluci\u00f3n TS Seguridad e Higiene en el Trabajo &#8211; Resoluci\u00f3n TS Bromatolog\u00eda &#8211; Resoluci\u00f3n TS Gesti\u00f3n y Mantenimiento Industrial &#8211; Resoluci\u00f3n TS Maquinarias y equipos agropecuarios &#8211; Resoluci\u00f3n TS Maquinarias y equipos agropecuarios. Anexo &#8211; Resoluci\u00f3n TS Qu\u00edmica de los Materiales &nbsp; &nbsp;<\/p>\n","protected":false},"author":1518,"featured_media":0,"parent":0,"menu_order":0,"comment_status":"closed","ping_status":"closed","template":"","meta":[],"acf":[],"_links":{"self":[{"href":"https:\/\/ensavellaneda-cba.infd.edu.ar\/sitio\/wp-json\/wp\/v2\/pages\/1055"}],"collection":[{"href":"https:\/\/ensavellaneda-cba.infd.edu.ar\/sitio\/wp-json\/wp\/v2\/pages"}],"about":[{"href":"https:\/\/ensavellaneda-cba.infd.edu.ar\/sitio\/wp-json\/wp\/v2\/types\/page"}],"author":[{"embeddable":true,"href":"https:\/\/ensavellaneda-cba.infd.edu.ar\/sitio\/wp-json\/wp\/v2\/users\/1518"}],"replies":[{"embeddable":true,"href":"https:\/\/ensavellaneda-cba.infd.edu.ar\/sitio\/wp-json\/wp\/v2\/comments?post=1055"}],"version-history":[{"count":1,"href":"https:\/\/ensavellaneda-cba.infd.edu.ar\/sitio\/wp-json\/wp\/v2\/pages\/1055\/revisions"}],"predecessor-version":[{"id":1212,"href":"https:\/\/ensavellaneda-cba.infd.edu.ar\/sitio\/wp-json\/wp\/v2\/pages\/1055\/revisions\/1212"}],"wp:attachment":[{"href":"https:\/\/ensavellaneda-cba.infd.edu.ar\/sitio\/wp-json\/wp\/v2\/media?parent=1055"}],"curies":[{"name":"wp","href":"https:\/\/api.w.org\/{rel}","templated":true}]}}