{"id":1045,"date":"2018-08-30T13:51:21","date_gmt":"2018-08-30T16:51:21","guid":{"rendered":"https:\/\/ensavellaneda-cba.infd.edu.ar\/sitio\/especialistas-2017\/"},"modified":"2018-11-06T21:12:17","modified_gmt":"2018-11-07T00:12:17","slug":"especialistas-2017","status":"publish","type":"page","link":"https:\/\/ensavellaneda-cba.infd.edu.ar\/sitio\/especialistas-2017\/","title":{"rendered":"Especialistas 2017"},"content":{"rendered":"<p>Contamos hoy, con un grupo de 30 Especialistas que se desempe\u00f1an en el Nivel Inicial, el Nivel Primario, el Nivel Secundario, en la Formaci\u00f3n Docente y en cargos directivos, en la ciudad de San Francisco y en la regi\u00f3n, y todos comprometidos con la actualizaci\u00f3n y la innovaci\u00f3n en la educaci\u00f3n.<\/p>\n<p>Las <strong><span style=\"color: #008000;\">Especialistas Docentes de Nivel Superior en Alfabetizaci\u00f3n Inicial<\/span><\/strong> son: Silvana Bernarde, Graciela Bossio, Nancy Casalis, Mar\u00eda Elena Dutto, Mar\u00eda Luz Galetto, Mar\u00eda Bel\u00e9n Galetto, Paola Garc\u00eda, Anah\u00ed Leurino, Marcela Poloni, Anabel Molina, Roxana Reist, Marcela Salvagno, Andrea Casanave, Gisela Fanelli, Erica Gilardi y Carolina Gossi.<\/p>\n<p>Tambi\u00e9n: Romina Bogliotti, Norma Bonaudi, Silvana Cabrera, Roxana Calleri, M\u00f3nica Galotto, Fernanda Garitta, Mercedes Gente, Sandra Gonz\u00e1lez, Carolina Luna, Nancy Piskulich, Lida Priotti, Graciela Zapata.<\/p>\n<p><strong><span style=\"color: #ff6600;\">Especialistas Docentes de Nivel Superior en Ense\u00f1anza de la Matem\u00e1tica en la Escuela Primaria<\/span><\/strong>: Melisa Bertotti, Alejandra Yuan, Sabrina Pesce y Raquel Sandrone.<\/p>\n<p><span style=\"color: #0000ff;\"><strong>Especialistas Docentes de Nivel Superior en Educaci\u00f3n Primaria y TIC<\/strong><\/span>: Mariana Bustos, Nancy Casalis, Guillermina Fader, Mariela Garelli, Luciana Luna, Norma Luque, Vivian Pereyra, Andrea Navarrete, Rosana Rocchioccioli, Judith Turina y Lorena Dovis.<\/p>\n<p>Tambi\u00e9n: Romina Bogliotti, M\u00f3nica Ferrero, Fernanda Murina, Norma V\u00e1squez, Carmen Villarroya.<\/p>\n<p><span style=\"color: #0000ff;\"><strong>Especialistas Docentes de Nivel Superior en Educaci\u00f3n Primaria y TIC para docentes formadores del Nivel<\/strong><\/span>:\u00a0<span style=\"color: #333333;\">Ana Alan\u00edz y Cecilia Petit.<\/span><\/p>\n<p><span style=\"color: #008000;\"><strong>Especialistas Docentes de Nivel Superior en Educaci\u00f3n y Derechos Humanos:\u00a0<\/strong><span style=\"color: #000000;\">Paola Bocca, Marcela Ghezzi, Cecilia Heredia, Nidia Miguel, Claudia Possetto y Alejandra Quaglia.<\/span><\/span><\/p>\n<p><span style=\"color: #257fd9;\"><strong>\u00a1\u00a0F E L I C I T A C I O N E S !<\/strong><\/span><\/p>\n<p><img decoding=\"async\" title=\"Egresadas 17\" src=\"https:\/\/ensavellaneda-cba.infd.edu.ar\/sitio\/wp-content\/uploads\/2018\/08\/AI17.jpg\" alt=\"Egresadas 17\" border=\"0\" \/><img decoding=\"async\" title=\"Egresadas 17\" src=\"https:\/\/ensavellaneda-cba.infd.edu.ar\/sitio\/wp-content\/uploads\/2018\/08\/AI172.jpg\" alt=\"Egresadas 17\" border=\"0\" \/><img decoding=\"async\" title=\"Egresadas 17\" src=\"https:\/\/ensavellaneda-cba.infd.edu.ar\/sitio\/wp-content\/uploads\/2018\/08\/mtm17.jpg\" alt=\"Egresadas 17\" border=\"0\" \/><img decoding=\"async\" title=\"Egresadas 17\" src=\"https:\/\/ensavellaneda-cba.infd.edu.ar\/sitio\/wp-content\/uploads\/2018\/08\/Ticmat.jpg\" alt=\"Egresadas 17\" border=\"0\" \/><img decoding=\"async\" title=\"Egresadas 17\" src=\"https:\/\/ensavellaneda-cba.infd.edu.ar\/sitio\/wp-content\/uploads\/2018\/08\/Ticnat.jpg\" alt=\"Egresadas 17\" border=\"0\" \/><img decoding=\"async\" title=\"Egresadas 17\" src=\"https:\/\/ensavellaneda-cba.infd.edu.ar\/sitio\/wp-content\/uploads\/2018\/08\/Ticsoc.jpg\" alt=\"Egresadas 17\" border=\"0\" \/><\/p>\n","protected":false},"excerpt":{"rendered":"<p>Contamos hoy, con un grupo de 30 Especialistas que se desempe\u00f1an en el Nivel Inicial, el Nivel Primario, el Nivel Secundario, en la Formaci\u00f3n Docente y en cargos directivos, en la ciudad de San Francisco y en la regi\u00f3n, y todos comprometidos con la actualizaci\u00f3n y la innovaci\u00f3n en la educaci\u00f3n. Las Especialistas Docentes de &#8230; <a title=\"Especialistas 2017\" class=\"read-more\" href=\"https:\/\/ensavellaneda-cba.infd.edu.ar\/sitio\/especialistas-2017\/\" aria-label=\"More on Especialistas 2017\">[+]<\/a><\/p>\n","protected":false},"author":1518,"featured_media":0,"parent":0,"menu_order":0,"comment_status":"closed","ping_status":"closed","template":"","meta":[],"acf":[],"_links":{"self":[{"href":"https:\/\/ensavellaneda-cba.infd.edu.ar\/sitio\/wp-json\/wp\/v2\/pages\/1045"}],"collection":[{"href":"https:\/\/ensavellaneda-cba.infd.edu.ar\/sitio\/wp-json\/wp\/v2\/pages"}],"about":[{"href":"https:\/\/ensavellaneda-cba.infd.edu.ar\/sitio\/wp-json\/wp\/v2\/types\/page"}],"author":[{"embeddable":true,"href":"https:\/\/ensavellaneda-cba.infd.edu.ar\/sitio\/wp-json\/wp\/v2\/users\/1518"}],"replies":[{"embeddable":true,"href":"https:\/\/ensavellaneda-cba.infd.edu.ar\/sitio\/wp-json\/wp\/v2\/comments?post=1045"}],"version-history":[{"count":2,"href":"https:\/\/ensavellaneda-cba.infd.edu.ar\/sitio\/wp-json\/wp\/v2\/pages\/1045\/revisions"}],"predecessor-version":[{"id":1123,"href":"https:\/\/ensavellaneda-cba.infd.edu.ar\/sitio\/wp-json\/wp\/v2\/pages\/1045\/revisions\/1123"}],"wp:attachment":[{"href":"https:\/\/ensavellaneda-cba.infd.edu.ar\/sitio\/wp-json\/wp\/v2\/media?parent=1045"}],"curies":[{"name":"wp","href":"https:\/\/api.w.org\/{rel}","templated":true}]}}