{"id":1036,"date":"2018-08-30T13:51:17","date_gmt":"2018-08-30T16:51:17","guid":{"rendered":"https:\/\/ensavellaneda-cba.infd.edu.ar\/sitio\/especializaciones-docentes-de-nivel-superior\/"},"modified":"2018-11-06T21:43:34","modified_gmt":"2018-11-07T00:43:34","slug":"especializaciones-docentes-de-nivel-superior","status":"publish","type":"page","link":"https:\/\/ensavellaneda-cba.infd.edu.ar\/sitio\/especializaciones-docentes-de-nivel-superior\/","title":{"rendered":"Especializaciones Docentes de Nivel Superior"},"content":{"rendered":"<p><span style=\"font-size: 10pt;\">El Ministerio de Educaci\u00f3n de la Naci\u00f3n ofrec\u00eda Especializaciones docentes de Nivel Superior como espacio de formaci\u00f3n continua y actualizaci\u00f3n did\u00e1ctico-disciplinar, con la finalidad de que los docentes incorporen nuevas formas de ense\u00f1ar y pensar en las aulas del Nivel Inicial, Primario y de los institutos de formaci\u00f3n docentes.<\/span><\/p>\n<div><span style=\"font-size: 10pt;\">Estas propuestas formativas se enmarcaron en el Programa Nacional de Formaci\u00f3n Permanente (PNFP) \u00abNuestra Escuela\u00bb.<\/span><\/div>\n<p><span style=\"font-size: 10pt;\">Nuestra Escuela Normal Superior Dr. Nicol\u00e1s Avellaneda fue Sede de los post\u00edtulos nacionales para que los profesionales de la educaci\u00f3n experimenten y se familiaricen con el uso de herramientas digitales, desarrollen una cultura de trabajo con TIC (Tecnolog\u00edas de la Informaci\u00f3n y la Comunicaci\u00f3n) y descubran los beneficios de trabajar en red.\u00a0<\/span><\/p>\n<p><span style=\"font-size: 10pt;\">Las Especializaciones Docentes de Nivel Superior fueron en:<\/span><\/p>\n<div>\n<ul>\n<li><span style=\"font-size: 10pt;\"><span style=\"color: #0000ff;\"><strong>Alfabetizaci\u00f3n Inicial<\/strong>\u00a0<\/span><\/span><\/li>\n<li><span style=\"font-size: 10pt;\"><strong><span style=\"color: #0000ff;\">Ense\u00f1anza de la Matem\u00e1tica en la Escuela Primaria<\/span>\u00a0<\/strong><\/span><\/li>\n<li><span style=\"font-size: 10pt;\"><strong><span style=\"color: #0000ff;\">Educaci\u00f3n y Derechos Humanos<\/span><\/strong>\u00a0<\/span><\/li>\n<li><span style=\"font-size: 10pt;\"><strong><span style=\"color: #0000ff;\">Ense\u00f1anza de las Ciencias Sociales en la Escuela Primaria<\/span><\/strong>\u00a0<\/span><\/li>\n<li><span style=\"font-size: 10pt;\"><strong><span style=\"color: #0000ff;\">Educaci\u00f3n Primaria y TIC y Educaci\u00f3n Primaria y TIC para docentes formadores del Nivel<\/span><\/strong><\/span><\/li>\n<\/ul>\n<p><span style=\"font-size: 10pt; line-height: 1.5;\">En 2018 realizaron los Coloquios Finales los docentes que estaban cursando. Si bien no tienen continuidad, estas Especializaciones fueron oportunidades para muchos docentes de la ciudad y la regi\u00f3n que pudieron actualizarse virtualmente y con calidad.<\/span><\/p>\n<p>&nbsp;<\/p>\n<\/div>\n","protected":false},"excerpt":{"rendered":"<p>El Ministerio de Educaci\u00f3n de la Naci\u00f3n ofrec\u00eda Especializaciones docentes de Nivel Superior como espacio de formaci\u00f3n continua y actualizaci\u00f3n did\u00e1ctico-disciplinar, con la finalidad de que los docentes incorporen nuevas formas de ense\u00f1ar y pensar en las aulas del Nivel Inicial, Primario y de los institutos de formaci\u00f3n docentes. Estas propuestas formativas se enmarcaron en &#8230; <a title=\"Especializaciones Docentes de Nivel Superior\" class=\"read-more\" href=\"https:\/\/ensavellaneda-cba.infd.edu.ar\/sitio\/especializaciones-docentes-de-nivel-superior\/\" aria-label=\"More on Especializaciones Docentes de Nivel Superior\">[+]<\/a><\/p>\n","protected":false},"author":1518,"featured_media":0,"parent":0,"menu_order":0,"comment_status":"closed","ping_status":"closed","template":"","meta":[],"acf":[],"_links":{"self":[{"href":"https:\/\/ensavellaneda-cba.infd.edu.ar\/sitio\/wp-json\/wp\/v2\/pages\/1036"}],"collection":[{"href":"https:\/\/ensavellaneda-cba.infd.edu.ar\/sitio\/wp-json\/wp\/v2\/pages"}],"about":[{"href":"https:\/\/ensavellaneda-cba.infd.edu.ar\/sitio\/wp-json\/wp\/v2\/types\/page"}],"author":[{"embeddable":true,"href":"https:\/\/ensavellaneda-cba.infd.edu.ar\/sitio\/wp-json\/wp\/v2\/users\/1518"}],"replies":[{"embeddable":true,"href":"https:\/\/ensavellaneda-cba.infd.edu.ar\/sitio\/wp-json\/wp\/v2\/comments?post=1036"}],"version-history":[{"count":2,"href":"https:\/\/ensavellaneda-cba.infd.edu.ar\/sitio\/wp-json\/wp\/v2\/pages\/1036\/revisions"}],"predecessor-version":[{"id":1128,"href":"https:\/\/ensavellaneda-cba.infd.edu.ar\/sitio\/wp-json\/wp\/v2\/pages\/1036\/revisions\/1128"}],"wp:attachment":[{"href":"https:\/\/ensavellaneda-cba.infd.edu.ar\/sitio\/wp-json\/wp\/v2\/media?parent=1036"}],"curies":[{"name":"wp","href":"https:\/\/api.w.org\/{rel}","templated":true}]}}