{"id":1028,"date":"2018-08-30T13:51:14","date_gmt":"2018-08-30T16:51:14","guid":{"rendered":"https:\/\/ensavellaneda-cba.infd.edu.ar\/sitio\/proyectos-nivel-secundario\/"},"modified":"2021-10-16T16:11:09","modified_gmt":"2021-10-16T19:11:09","slug":"proyectos-nivel-secundario","status":"publish","type":"page","link":"https:\/\/ensavellaneda-cba.infd.edu.ar\/sitio\/proyectos-nivel-secundario\/","title":{"rendered":"Proyectos Nivel Secundario"},"content":{"rendered":"<figure id=\"attachment_1338\" aria-describedby=\"caption-attachment-1338\" style=\"width: 634px\" class=\"wp-caption alignleft\"><a href=\"https:\/\/www.youtube.com\/watch?v=8FGV2CiTbGA&amp;feature=youtu.be\"><img decoding=\"async\" loading=\"lazy\" class=\"wp-image-1338\" src=\"https:\/\/ensavellaneda-cba.infd.edu.ar\/sitio\/wp-content\/uploads\/2020\/05\/enadiversidad.png\" alt=\"\" width=\"644\" height=\"316\" srcset=\"https:\/\/ensavellaneda-cba.infd.edu.ar\/sitio\/wp-content\/uploads\/2020\/05\/enadiversidad.png 809w, https:\/\/ensavellaneda-cba.infd.edu.ar\/sitio\/wp-content\/uploads\/2020\/05\/enadiversidad-768x377.png 768w\" sizes=\"(max-width: 644px) 100vw, 644px\" \/><\/a><figcaption id=\"caption-attachment-1338\" class=\"wp-caption-text\">DIVERSIDAD DE COLORES<\/figcaption><\/figure>\n<p><img decoding=\"async\" loading=\"lazy\" src=\"https:\/\/ensavellaneda-cba.infd.edu.ar\/sitio\/wp-content\/uploads\/2018\/08\/boletines_proyectos_1.jpg\" width=\"600\" height=\"550\" border=\"0\" \/><\/p>\n<p><a href=\"index.cgi?wid_seccion=30&amp;wid_item=91\">Si quer\u00e9s ver las fotos pod\u00e9s ingresar haciendo Click Aqu\u00ed<\/a><\/p>\n<p><img decoding=\"async\" loading=\"lazy\" style=\"border: 0;\" src=\"https:\/\/ensavellaneda-cba.infd.edu.ar\/sitio\/wp-content\/uploads\/2018\/08\/Abrazos_Gratis.jpg\" width=\"503\" height=\"300\" border=\"0\" \/><\/p>\n<p>Mir\u00e1 el <a href=\"https:\/\/www.youtube.com\/watch?v=VazUZbByRdM\" target=\"_blank\" rel=\"noopener\">video Ac\u00e1<\/a><\/p>\n<p><img decoding=\"async\" loading=\"lazy\" style=\"border: 0;\" src=\"https:\/\/ensavellaneda-cba.infd.edu.ar\/sitio\/wp-content\/uploads\/2018\/08\/Respetarte.jpg\" width=\"503\" height=\"600\" border=\"0\" \/><\/p>\n<p><img decoding=\"async\" loading=\"lazy\" style=\"border: 0;\" src=\"https:\/\/ensavellaneda-cba.infd.edu.ar\/sitio\/wp-content\/uploads\/2018\/08\/Plan_de_Movilidad.jpg\" width=\"503\" height=\"600\" border=\"0\" \/><\/p>\n<p><img decoding=\"async\" loading=\"lazy\" style=\"border: 0;\" src=\"https:\/\/ensavellaneda-cba.infd.edu.ar\/sitio\/wp-content\/uploads\/2018\/08\/renovacion_N_Inicial_5to_arte.jpg\" width=\"503\" height=\"600\" border=\"0\" \/><\/p>\n<p><img decoding=\"async\" loading=\"lazy\" src=\"https:\/\/ensavellaneda-cba.infd.edu.ar\/sitio\/wp-content\/uploads\/2018\/08\/proyecto_mural_5to_1.jpg\" width=\"503\" height=\"600\" border=\"0\" \/><\/p>\n<p><img decoding=\"async\" loading=\"lazy\" src=\"https:\/\/ensavellaneda-cba.infd.edu.ar\/sitio\/wp-content\/uploads\/2018\/08\/grullas_por_la_paz.jpg\" width=\"503\" height=\"600\" border=\"0\" \/><\/p>\n","protected":false},"excerpt":{"rendered":"<p>Si quer\u00e9s ver las fotos pod\u00e9s ingresar haciendo Click Aqu\u00ed Mir\u00e1 el video Ac\u00e1<\/p>\n","protected":false},"author":1518,"featured_media":0,"parent":0,"menu_order":0,"comment_status":"closed","ping_status":"closed","template":"","meta":[],"acf":[],"_links":{"self":[{"href":"https:\/\/ensavellaneda-cba.infd.edu.ar\/sitio\/wp-json\/wp\/v2\/pages\/1028"}],"collection":[{"href":"https:\/\/ensavellaneda-cba.infd.edu.ar\/sitio\/wp-json\/wp\/v2\/pages"}],"about":[{"href":"https:\/\/ensavellaneda-cba.infd.edu.ar\/sitio\/wp-json\/wp\/v2\/types\/page"}],"author":[{"embeddable":true,"href":"https:\/\/ensavellaneda-cba.infd.edu.ar\/sitio\/wp-json\/wp\/v2\/users\/1518"}],"replies":[{"embeddable":true,"href":"https:\/\/ensavellaneda-cba.infd.edu.ar\/sitio\/wp-json\/wp\/v2\/comments?post=1028"}],"version-history":[{"count":3,"href":"https:\/\/ensavellaneda-cba.infd.edu.ar\/sitio\/wp-json\/wp\/v2\/pages\/1028\/revisions"}],"predecessor-version":[{"id":2675,"href":"https:\/\/ensavellaneda-cba.infd.edu.ar\/sitio\/wp-json\/wp\/v2\/pages\/1028\/revisions\/2675"}],"wp:attachment":[{"href":"https:\/\/ensavellaneda-cba.infd.edu.ar\/sitio\/wp-json\/wp\/v2\/media?parent=1028"}],"curies":[{"name":"wp","href":"https:\/\/api.w.org\/{rel}","templated":true}]}}