{"id":1007,"date":"2018-08-30T13:51:06","date_gmt":"2018-08-30T16:51:06","guid":{"rendered":"https:\/\/ensavellaneda-cba.infd.edu.ar\/sitio\/tecnicatura-superior-en-seguridad-e-higiene-en-el-trabajo\/"},"modified":"2024-05-23T15:55:33","modified_gmt":"2024-05-23T18:55:33","slug":"tecnicatura-superior-en-seguridad-e-higiene-en-el-trabajo","status":"publish","type":"page","link":"https:\/\/ensavellaneda-cba.infd.edu.ar\/sitio\/tecnicatura-superior-en-seguridad-e-higiene-en-el-trabajo\/","title":{"rendered":"Tecnicatura Superior en Higiene y Seguridad en el Trabajo"},"content":{"rendered":"<pre><strong>NIVEL FORMACI\u00d3N T\u00c9CNICA SUPERIOR<\/strong>\n\n<strong>Duraci\u00f3n<\/strong>: 2 a\u00f1os y medio\n\n<strong>Modalidad de Cursado:<\/strong> <strong>Combinada<\/strong>\n\n<strong>R\u00e9gimen de Cursado:<\/strong> Cuatrimestral\n\n<strong>Res. Min. Educaci\u00f3n Prov. Cba N\u00b0 1283\/22<\/strong>\n\n<strong>Carga horaria total: <\/strong>1.609 hs. reloj\n\n\n<span style=\"color: #003366;\"><em><strong>                                                         Tecnicatura Superior en Higiene y Seguridad en el Trabajo<\/strong><\/em><\/span><\/pre>\n<p>Funciones que ejerce el\/ la profesional:<\/p>\n<ul>\n<li>Colaborar en el diagn\u00f3stico y dise\u00f1o del Plan de Higiene y Seguridad, elaborar informes t\u00e9cnicos y an\u00e1lisis de costos relacionados con la Higiene y Seguridad Laboral.<\/li>\n<li>Participar en el an\u00e1lisis de los puestos de trabajo, colaborando con la elaboraci\u00f3n de procedimientos de trabajo seguro y en la redacci\u00f3n de especificaciones t\u00e9cnicas referidas a la higiene y seguridad en el trabajo para la utilizaci\u00f3n y adquisici\u00f3n de m\u00e1quinas, herramientas, equipos e instrumentos.<\/li>\n<li>Desarrollar programas de capacitaci\u00f3n, prevenci\u00f3n y protecci\u00f3n de riesgos laborales.<\/li>\n<li>Participar en la investigaci\u00f3n de accidentes y enfermedades profesionales y establecer los factores determinantes.<\/li>\n<li>Proponer y controlar la utilizaci\u00f3n y el estado de los equipos y elementos de protecci\u00f3n individual y colectiva.<\/li>\n<li>Colaborar en el asesoramiento del dise\u00f1o de equipos y elementos de protecci\u00f3n colectiva.<\/li>\n<li>Colaborar en la selecci\u00f3n e ingreso del personal en relaci\u00f3n con las caracter\u00edsticas del puesto de trabajo.<\/li>\n<li>Tomar muestra de contaminantes qu\u00edmicos y f\u00edsicos de ambientes laborales con fines de an\u00e1lisis y control.<\/li>\n<li>Participar en el asesoramiento sobre los riesgos para su cobertura por Aseguradora de Riesgos del Trabajo.<\/li>\n<li>Intervenir, gestionar y\/o generar nuevos emprendimientos vinculados con el \u00e1rea de desempe\u00f1o correspondiente a su profesionalidad.<\/li>\n<\/ul>\n<p><img decoding=\"async\" loading=\"lazy\" class=\"wp-image-3919 aligncenter\" src=\"https:\/\/ensavellaneda-cba.infd.edu.ar\/sitio\/wp-content\/uploads\/2024\/05\/HYS-1.png\" alt=\"\" width=\"613\" height=\"805\" \/> <img decoding=\"async\" loading=\"lazy\" class=\" wp-image-3920 aligncenter\" src=\"https:\/\/ensavellaneda-cba.infd.edu.ar\/sitio\/wp-content\/uploads\/2024\/05\/HYS-2.png\" alt=\"\" width=\"621\" height=\"853\" \/> <img decoding=\"async\" loading=\"lazy\" class=\"size-medium wp-image-3921 aligncenter\" src=\"https:\/\/ensavellaneda-cba.infd.edu.ar\/sitio\/wp-content\/uploads\/2024\/05\/HYS-33.png\" alt=\"\" width=\"625\" height=\"435\" \/><\/p>\n","protected":false},"excerpt":{"rendered":"<p>NIVEL FORMACI\u00d3N T\u00c9CNICA SUPERIOR Duraci\u00f3n: 2 a\u00f1os y medio Modalidad de Cursado: Combinada R\u00e9gimen de Cursado: Cuatrimestral Res. Min. Educaci\u00f3n Prov. Cba N\u00b0 1283\/22 Carga horaria total: 1.609 hs. reloj Tecnicatura Superior en Higiene y Seguridad en el Trabajo Funciones que ejerce el\/ la profesional: Colaborar en el diagn\u00f3stico y dise\u00f1o del Plan de Higiene &#8230; <a title=\"Tecnicatura Superior en Higiene y Seguridad en el Trabajo\" class=\"read-more\" href=\"https:\/\/ensavellaneda-cba.infd.edu.ar\/sitio\/tecnicatura-superior-en-seguridad-e-higiene-en-el-trabajo\/\" aria-label=\"More on Tecnicatura Superior en Higiene y Seguridad en el Trabajo\">[+]<\/a><\/p>\n","protected":false},"author":1518,"featured_media":0,"parent":0,"menu_order":0,"comment_status":"closed","ping_status":"closed","template":"","meta":[],"acf":[],"_links":{"self":[{"href":"https:\/\/ensavellaneda-cba.infd.edu.ar\/sitio\/wp-json\/wp\/v2\/pages\/1007"}],"collection":[{"href":"https:\/\/ensavellaneda-cba.infd.edu.ar\/sitio\/wp-json\/wp\/v2\/pages"}],"about":[{"href":"https:\/\/ensavellaneda-cba.infd.edu.ar\/sitio\/wp-json\/wp\/v2\/types\/page"}],"author":[{"embeddable":true,"href":"https:\/\/ensavellaneda-cba.infd.edu.ar\/sitio\/wp-json\/wp\/v2\/users\/1518"}],"replies":[{"embeddable":true,"href":"https:\/\/ensavellaneda-cba.infd.edu.ar\/sitio\/wp-json\/wp\/v2\/comments?post=1007"}],"version-history":[{"count":6,"href":"https:\/\/ensavellaneda-cba.infd.edu.ar\/sitio\/wp-json\/wp\/v2\/pages\/1007\/revisions"}],"predecessor-version":[{"id":3922,"href":"https:\/\/ensavellaneda-cba.infd.edu.ar\/sitio\/wp-json\/wp\/v2\/pages\/1007\/revisions\/3922"}],"wp:attachment":[{"href":"https:\/\/ensavellaneda-cba.infd.edu.ar\/sitio\/wp-json\/wp\/v2\/media?parent=1007"}],"curies":[{"name":"wp","href":"https:\/\/api.w.org\/{rel}","templated":true}]}}